{"id":327508,"date":"2025-03-07T14:51:45","date_gmt":"2025-03-07T17:51:45","guid":{"rendered":"https:\/\/www.livrariarema.com.br\/loja\/produtos\/sem categoria\/arc045tilgizlv-biblia-pequena-letra-gigante-ziper-e-indice-marrom\/"},"modified":"2026-04-13T13:40:41","modified_gmt":"2026-04-13T16:40:41","slug":"arc045tilgizlv-biblia-pequena-letra-gigante-ziper-e-indice-marrom","status":"publish","type":"product","link":"https:\/\/www.livrariarema.com.br\/loja\/produtos\/biblias\/revista-corrigida-biblias\/arc045tilgizlv-biblia-pequena-letra-gigante-ziper-e-indice-marrom\/","title":{"rendered":"Arc045tilgizlv &#8211; B\u00edblia Pequena &#8211; Letra Gigante &#8211; Ziper E \u00cdndice &#8211; Marrom"},"content":{"rendered":"<p>Com um visual elegante e moderno, esta B\u00edblia com letra gigante oferece uma experi\u00eancia de leitura mais din\u00e2mica e agrad\u00e1vel, al\u00e9m de destacar as Palavras de Jesus em Vermelho.<\/p>\n","protected":false},"excerpt":{"rendered":"<p>Com um visual elegante e moderno, esta B\u00edblia com letra gigante oferece uma experi\u00eancia de leitura mais din\u00e2mica e agrad\u00e1vel,&hellip;<\/p>\n","protected":false},"featured_media":336846,"comment_status":"open","ping_status":"closed","template":"","meta":[],"product_cat":[139,149],"product_tag":[],"_links":{"self":[{"href":"https:\/\/www.livrariarema.com.br\/loja\/wp-json\/wp\/v2\/product\/327508"}],"collection":[{"href":"https:\/\/www.livrariarema.com.br\/loja\/wp-json\/wp\/v2\/product"}],"about":[{"href":"https:\/\/www.livrariarema.com.br\/loja\/wp-json\/wp\/v2\/types\/product"}],"replies":[{"embeddable":true,"href":"https:\/\/www.livrariarema.com.br\/loja\/wp-json\/wp\/v2\/comments?post=327508"}],"wp:featuredmedia":[{"embeddable":true,"href":"https:\/\/www.livrariarema.com.br\/loja\/wp-json\/wp\/v2\/media\/336846"}],"wp:attachment":[{"href":"https:\/\/www.livrariarema.com.br\/loja\/wp-json\/wp\/v2\/media?parent=327508"}],"wp:term":[{"taxonomy":"product_cat","embeddable":true,"href":"https:\/\/www.livrariarema.com.br\/loja\/wp-json\/wp\/v2\/product_cat?post=327508"},{"taxonomy":"product_tag","embeddable":true,"href":"https:\/\/www.livrariarema.com.br\/loja\/wp-json\/wp\/v2\/product_tag?post=327508"}],"curies":[{"name":"wp","href":"https:\/\/api.w.org\/{rel}","templated":true}]}}