{"id":327516,"date":"2025-03-07T14:52:22","date_gmt":"2025-03-07T17:52:22","guid":{"rendered":"https:\/\/www.livrariarema.com.br\/loja\/produtos\/sem categoria\/na065hlgilv-biblia-com-harpa-crista-naa-letra-gigante-luxo-vermelho\/"},"modified":"2026-01-29T16:23:47","modified_gmt":"2026-01-29T19:23:47","slug":"na065hlgilv-biblia-com-harpa-crista-naa-letra-gigante-luxo-vermelho","status":"publish","type":"product","link":"https:\/\/www.livrariarema.com.br\/loja\/produtos\/biblias\/nova-almeida-atualizada\/na065hlgilv-biblia-com-harpa-crista-naa-letra-gigante-luxo-vermelho\/","title":{"rendered":"Na065hlgilv &#8211; B\u00edblia Com Harpa Crist\u00e3 &#8211; Naa &#8211; Letra Gigante &#8211; Luxo &#8211; Vermelho"},"content":{"rendered":"<p>B\u00edblia Sagrada, texto b\u00edblico na Nova Almeida Atualizada (NAA), com notas e refer\u00eancias cruzadas, letra gigante e novidade maior ainda: a Harpa Crist\u00e3, hin\u00e1rio oficial das Assembleias de Deus no Brasil.<\/p>\n","protected":false},"excerpt":{"rendered":"<p>B\u00edblia Sagrada, texto b\u00edblico na Nova Almeida Atualizada (NAA), com notas e refer\u00eancias cruzadas, letra gigante e novidade maior ainda:&hellip;<\/p>\n","protected":false},"featured_media":343952,"comment_status":"open","ping_status":"closed","template":"","meta":[],"product_cat":[139,174],"product_tag":[],"_links":{"self":[{"href":"https:\/\/www.livrariarema.com.br\/loja\/wp-json\/wp\/v2\/product\/327516"}],"collection":[{"href":"https:\/\/www.livrariarema.com.br\/loja\/wp-json\/wp\/v2\/product"}],"about":[{"href":"https:\/\/www.livrariarema.com.br\/loja\/wp-json\/wp\/v2\/types\/product"}],"replies":[{"embeddable":true,"href":"https:\/\/www.livrariarema.com.br\/loja\/wp-json\/wp\/v2\/comments?post=327516"}],"wp:featuredmedia":[{"embeddable":true,"href":"https:\/\/www.livrariarema.com.br\/loja\/wp-json\/wp\/v2\/media\/343952"}],"wp:attachment":[{"href":"https:\/\/www.livrariarema.com.br\/loja\/wp-json\/wp\/v2\/media?parent=327516"}],"wp:term":[{"taxonomy":"product_cat","embeddable":true,"href":"https:\/\/www.livrariarema.com.br\/loja\/wp-json\/wp\/v2\/product_cat?post=327516"},{"taxonomy":"product_tag","embeddable":true,"href":"https:\/\/www.livrariarema.com.br\/loja\/wp-json\/wp\/v2\/product_tag?post=327516"}],"curies":[{"name":"wp","href":"https:\/\/api.w.org\/{rel}","templated":true}]}}