{"id":327518,"date":"2025-03-07T14:52:28","date_gmt":"2025-03-07T17:52:28","guid":{"rendered":"https:\/\/www.livrariarema.com.br\/loja\/produtos\/sem categoria\/na065hlgilv-biblia-com-harpa-crista-naa-letra-gigante-luxo-rosa\/"},"modified":"2026-04-29T13:56:07","modified_gmt":"2026-04-29T16:56:07","slug":"na065hlgilv-biblia-com-harpa-crista-naa-letra-gigante-luxo-rosa","status":"publish","type":"product","link":"https:\/\/www.livrariarema.com.br\/loja\/produtos\/biblias\/nova-almeida-atualizada\/na065hlgilv-biblia-com-harpa-crista-naa-letra-gigante-luxo-rosa\/","title":{"rendered":"Na065hlgilv &#8211; B\u00edblia Com Harpa Crist\u00e3 &#8211; Naa &#8211; Letra Gigante &#8211; Luxo &#8211; Rosa"},"content":{"rendered":"<p>B\u00edblia Sagrada, texto b\u00edblico na Nova Almeida Atualizada (NAA), com notas e refer\u00eancias cruzadas, letra gigante e novidade maior ainda: a Harpa Crist\u00e3, hin\u00e1rio oficial das Assembleias de Deus no Brasil.<\/p>\n","protected":false},"excerpt":{"rendered":"<p>B\u00edblia Sagrada, texto b\u00edblico na Nova Almeida Atualizada (NAA), com notas e refer\u00eancias cruzadas, letra gigante e novidade maior ainda:&hellip;<\/p>\n","protected":false},"featured_media":347605,"comment_status":"open","ping_status":"closed","template":"","meta":[],"product_cat":[139,174],"product_tag":[],"_links":{"self":[{"href":"https:\/\/www.livrariarema.com.br\/loja\/wp-json\/wp\/v2\/product\/327518"}],"collection":[{"href":"https:\/\/www.livrariarema.com.br\/loja\/wp-json\/wp\/v2\/product"}],"about":[{"href":"https:\/\/www.livrariarema.com.br\/loja\/wp-json\/wp\/v2\/types\/product"}],"replies":[{"embeddable":true,"href":"https:\/\/www.livrariarema.com.br\/loja\/wp-json\/wp\/v2\/comments?post=327518"}],"wp:featuredmedia":[{"embeddable":true,"href":"https:\/\/www.livrariarema.com.br\/loja\/wp-json\/wp\/v2\/media\/347605"}],"wp:attachment":[{"href":"https:\/\/www.livrariarema.com.br\/loja\/wp-json\/wp\/v2\/media?parent=327518"}],"wp:term":[{"taxonomy":"product_cat","embeddable":true,"href":"https:\/\/www.livrariarema.com.br\/loja\/wp-json\/wp\/v2\/product_cat?post=327518"},{"taxonomy":"product_tag","embeddable":true,"href":"https:\/\/www.livrariarema.com.br\/loja\/wp-json\/wp\/v2\/product_tag?post=327518"}],"curies":[{"name":"wp","href":"https:\/\/api.w.org\/{rel}","templated":true}]}}