{"id":327522,"date":"2025-03-07T14:52:42","date_gmt":"2025-03-07T17:52:42","guid":{"rendered":"https:\/\/www.livrariarema.com.br\/loja\/produtos\/sem categoria\/na045lgilv-biblia-letra-gigante-marrom\/"},"modified":"2025-12-29T11:10:53","modified_gmt":"2025-12-29T14:10:53","slug":"na045lgilv-biblia-letra-gigante-marrom","status":"publish","type":"product","link":"https:\/\/www.livrariarema.com.br\/loja\/produtos\/biblias\/nova-almeida-atualizada\/na045lgilv-biblia-letra-gigante-marrom\/","title":{"rendered":"Na045lgilv &#8211; B\u00edblia &#8211; Letra Gigante &#8211; Marrom"},"content":{"rendered":"<p>Com um visual elegante e moderno, esta B\u00edblia com letra gigante oferece uma experi\u00eancia de leitura mais din\u00e2mica e agrad\u00e1vel, al\u00e9m de destacar as Palavras de Jesus em Vermelho.<\/p>\n","protected":false},"excerpt":{"rendered":"<p>Com um visual elegante e moderno, esta B\u00edblia com letra gigante oferece uma experi\u00eancia de leitura mais din\u00e2mica e agrad\u00e1vel,&hellip;<\/p>\n","protected":false},"featured_media":336890,"comment_status":"open","ping_status":"closed","template":"","meta":[],"product_cat":[139,174],"product_tag":[],"_links":{"self":[{"href":"https:\/\/www.livrariarema.com.br\/loja\/wp-json\/wp\/v2\/product\/327522"}],"collection":[{"href":"https:\/\/www.livrariarema.com.br\/loja\/wp-json\/wp\/v2\/product"}],"about":[{"href":"https:\/\/www.livrariarema.com.br\/loja\/wp-json\/wp\/v2\/types\/product"}],"replies":[{"embeddable":true,"href":"https:\/\/www.livrariarema.com.br\/loja\/wp-json\/wp\/v2\/comments?post=327522"}],"wp:featuredmedia":[{"embeddable":true,"href":"https:\/\/www.livrariarema.com.br\/loja\/wp-json\/wp\/v2\/media\/336890"}],"wp:attachment":[{"href":"https:\/\/www.livrariarema.com.br\/loja\/wp-json\/wp\/v2\/media?parent=327522"}],"wp:term":[{"taxonomy":"product_cat","embeddable":true,"href":"https:\/\/www.livrariarema.com.br\/loja\/wp-json\/wp\/v2\/product_cat?post=327522"},{"taxonomy":"product_tag","embeddable":true,"href":"https:\/\/www.livrariarema.com.br\/loja\/wp-json\/wp\/v2\/product_tag?post=327522"}],"curies":[{"name":"wp","href":"https:\/\/api.w.org\/{rel}","templated":true}]}}