{"id":327552,"date":"2025-03-07T14:58:02","date_gmt":"2025-03-07T17:58:02","guid":{"rendered":"https:\/\/www.livrariarema.com.br\/loja\/produtos\/sem categoria\/ra067tilgiw-biblia-letra-gigante-com-indice-preta\/"},"modified":"2026-01-14T09:50:46","modified_gmt":"2026-01-14T12:50:46","slug":"ra067tilgiw-biblia-letra-gigante-com-indice-preta","status":"publish","type":"product","link":"https:\/\/www.livrariarema.com.br\/loja\/produtos\/biblias\/revista-atualizada\/ra067tilgiw-biblia-letra-gigante-com-indice-preta\/","title":{"rendered":"Ra067tilgiw &#8211; Biblia Letra Gigante &#8211; Com \u00cdndice &#8211; Preta"},"content":{"rendered":"<p>Com formato mais compacto, esta edi\u00e7\u00e3o da B\u00edblia Sagrada possui letras gigantes que permitem maior conforto \u00e0 leitura.<\/p>\n","protected":false},"excerpt":{"rendered":"<p>Com formato mais compacto, esta edi\u00e7\u00e3o da B\u00edblia Sagrada possui letras gigantes que permitem maior conforto \u00e0 leitura.<\/p>\n","protected":false},"featured_media":338526,"comment_status":"open","ping_status":"closed","template":"","meta":[],"product_cat":[139,173],"product_tag":[],"_links":{"self":[{"href":"https:\/\/www.livrariarema.com.br\/loja\/wp-json\/wp\/v2\/product\/327552"}],"collection":[{"href":"https:\/\/www.livrariarema.com.br\/loja\/wp-json\/wp\/v2\/product"}],"about":[{"href":"https:\/\/www.livrariarema.com.br\/loja\/wp-json\/wp\/v2\/types\/product"}],"replies":[{"embeddable":true,"href":"https:\/\/www.livrariarema.com.br\/loja\/wp-json\/wp\/v2\/comments?post=327552"}],"wp:featuredmedia":[{"embeddable":true,"href":"https:\/\/www.livrariarema.com.br\/loja\/wp-json\/wp\/v2\/media\/338526"}],"wp:attachment":[{"href":"https:\/\/www.livrariarema.com.br\/loja\/wp-json\/wp\/v2\/media?parent=327552"}],"wp:term":[{"taxonomy":"product_cat","embeddable":true,"href":"https:\/\/www.livrariarema.com.br\/loja\/wp-json\/wp\/v2\/product_cat?post=327552"},{"taxonomy":"product_tag","embeddable":true,"href":"https:\/\/www.livrariarema.com.br\/loja\/wp-json\/wp\/v2\/product_tag?post=327552"}],"curies":[{"name":"wp","href":"https:\/\/api.w.org\/{rel}","templated":true}]}}