{"id":327920,"date":"2025-03-08T10:43:09","date_gmt":"2025-03-08T13:43:09","guid":{"rendered":"https:\/\/www.livrariarema.com.br\/loja\/produtos\/sem categoria\/planner-meu-proposito-degrade\/"},"modified":"2025-08-09T13:20:31","modified_gmt":"2025-08-09T16:20:31","slug":"planner-meu-proposito-degrade","status":"publish","type":"product","link":"https:\/\/www.livrariarema.com.br\/loja\/produtos\/papelaria\/agenda\/planner-meu-proposito-degrade\/","title":{"rendered":"Planner Meu Proposito &#8211; Degrad\u00ea"},"content":{"rendered":"<p>UM PLANNER PERMANENTE COMPLETO PARA VOC\u00ca CHAMAR DE SEU!<\/p>\n<p>O Planner Meu Prop\u00f3sito foi feito para mulheres que buscam organiza\u00e7\u00e3o e praticidade sem perder o bom gosto. E muito melhor, \u00e9 um Planner Devocional, al\u00e9m de manter sua vida organizada a gente te ajuda em seu crescimento espiritual.<\/p>\n<p>Al\u00e9m de conseguir visualizar o m\u00eas inteiro, consegue tamb\u00e9m visualizar a sua semana.<br \/> <br \/>\nConfira como o nosso Planner Meu Prop\u00f3sito \u00e9 organizado!<\/p>\n<p>Organizador Anual: <br \/>\n&#8211; Guia de Leitura B\u00edblia Anual;<br \/>\n&#8211; Indica\u00e7\u00f5es de Livros;<br \/>\n&#8211; Planos e Metas para o ano (divididos em: Espiritual \/ Profissional \/ Familiar \/ Compras)<br \/>\n&#8211; Alvos de ora\u00e7\u00f5es para o ano;<br \/>\n&#8211; Calend\u00e1rio Menstrual<\/p>\n<p>Organizador do M\u00eas: <br \/>\n&#8211; Planejamento do m\u00eas (divididos em: Espiritual \/ Profissional \/ Familiar \/ Compras)<br \/>\n&#8211; Alvos de ora\u00e7\u00f5es para o m\u00eas;<br \/>\n&#8211; Consultas;<br \/>\n&#8211; Finan\u00e7as;<br \/>\n&#8211; Espa\u00e7os para inspira\u00e7\u00f5es, anota\u00e7\u00f5es gerais e filmes;<br \/>\n&#8211; Anote os anivers\u00e1rios do m\u00eas<br \/>\n&#8211; Visualizador completo do m\u00eas<\/p>\n<p>Organizador Semanal: <br \/>\n&#8211; Inicie sua semana com um devocional;<br \/>\n&#8211; Espa\u00e7o para anota\u00e7\u00f5es das tarefas di\u00e1rias;<br \/>\n&#8211; E um checklist para tarefas que se repetem todos os dias!<\/p>\n<p>E no final de cada m\u00eas voc\u00ea tem um espa\u00e7o livre para usar como quiser. <br \/>\nN\u00f3s ajudamos voc\u00ea a se organizar!<\/p>\n","protected":false},"excerpt":{"rendered":"<p>UM PLANNER PERMANENTE COMPLETO PARA VOC\u00ca CHAMAR DE SEU! O Planner Meu Prop\u00f3sito foi feito para mulheres que buscam organiza\u00e7\u00e3o&hellip;<\/p>\n","protected":false},"featured_media":327919,"comment_status":"open","ping_status":"closed","template":"","meta":[],"product_cat":[248,215],"product_tag":[],"_links":{"self":[{"href":"https:\/\/www.livrariarema.com.br\/loja\/wp-json\/wp\/v2\/product\/327920"}],"collection":[{"href":"https:\/\/www.livrariarema.com.br\/loja\/wp-json\/wp\/v2\/product"}],"about":[{"href":"https:\/\/www.livrariarema.com.br\/loja\/wp-json\/wp\/v2\/types\/product"}],"replies":[{"embeddable":true,"href":"https:\/\/www.livrariarema.com.br\/loja\/wp-json\/wp\/v2\/comments?post=327920"}],"wp:featuredmedia":[{"embeddable":true,"href":"https:\/\/www.livrariarema.com.br\/loja\/wp-json\/wp\/v2\/media\/327919"}],"wp:attachment":[{"href":"https:\/\/www.livrariarema.com.br\/loja\/wp-json\/wp\/v2\/media?parent=327920"}],"wp:term":[{"taxonomy":"product_cat","embeddable":true,"href":"https:\/\/www.livrariarema.com.br\/loja\/wp-json\/wp\/v2\/product_cat?post=327920"},{"taxonomy":"product_tag","embeddable":true,"href":"https:\/\/www.livrariarema.com.br\/loja\/wp-json\/wp\/v2\/product_tag?post=327920"}],"curies":[{"name":"wp","href":"https:\/\/api.w.org\/{rel}","templated":true}]}}