{"id":327926,"date":"2025-03-08T10:52:48","date_gmt":"2025-03-08T13:52:48","guid":{"rendered":"https:\/\/www.livrariarema.com.br\/loja\/produtos\/sem categoria\/faca-o-hoje-valer-a-pena-john-c-maxwell\/"},"modified":"2026-02-11T16:51:21","modified_gmt":"2026-02-11T19:51:21","slug":"faca-o-hoje-valer-a-pena-john-c-maxwell","status":"publish","type":"product","link":"https:\/\/www.livrariarema.com.br\/loja\/produtos\/livros\/motivacao\/faca-o-hoje-valer-a-pena-john-c-maxwell\/","title":{"rendered":"Fa\u00e7a O Hoje Valer A Pena &#8211; John C. Maxwell"},"content":{"rendered":"<p>COMO SABER SE VOC\u00ca EST\u00c1 APROVEITANDO O DIA DE HOJE AO M\u00c1XIMO PARA TER UM AMANH\u00c3 MELHOR? <\/p>\n<p>Neste compacto guia pr\u00e1tico, Maxwell nos oferece poderosas disciplinas di\u00e1rias que podem causar um grande impacto em um pequeno espa\u00e7o de tempo. Ele mostra como tomar doze decis\u00f5es de impacto em sua vida e depois segui-las por apenas alguns minutos todos os dias, e como isso ir\u00e1 capacit\u00e1-lo a perceber suas pr\u00f3prias prioridades e lev\u00e1-lo a uma vida de maior sucesso e realiza\u00e7\u00e3o.<\/p>\n<p>Aprenda como controlar sua agenda, aumentar sua criatividade e ideias, administrar seu dinheiro, aprimorar e construir relacionamentos, manter seu crescimento pessoal e muito mais.<\/p>\n<p>Comece agora mesmo, e garanta o sucesso de amanh\u00e3 fazendo o hoje valer a pena.<\/p>\n","protected":false},"excerpt":{"rendered":"<p>COMO SABER SE VOC\u00ca EST\u00c1 APROVEITANDO O DIA DE HOJE AO M\u00c1XIMO PARA TER UM AMANH\u00c3 MELHOR? Neste compacto guia&hellip;<\/p>\n","protected":false},"featured_media":341067,"comment_status":"open","ping_status":"closed","template":"","meta":[],"product_cat":[134,211],"product_tag":[],"_links":{"self":[{"href":"https:\/\/www.livrariarema.com.br\/loja\/wp-json\/wp\/v2\/product\/327926"}],"collection":[{"href":"https:\/\/www.livrariarema.com.br\/loja\/wp-json\/wp\/v2\/product"}],"about":[{"href":"https:\/\/www.livrariarema.com.br\/loja\/wp-json\/wp\/v2\/types\/product"}],"replies":[{"embeddable":true,"href":"https:\/\/www.livrariarema.com.br\/loja\/wp-json\/wp\/v2\/comments?post=327926"}],"wp:featuredmedia":[{"embeddable":true,"href":"https:\/\/www.livrariarema.com.br\/loja\/wp-json\/wp\/v2\/media\/341067"}],"wp:attachment":[{"href":"https:\/\/www.livrariarema.com.br\/loja\/wp-json\/wp\/v2\/media?parent=327926"}],"wp:term":[{"taxonomy":"product_cat","embeddable":true,"href":"https:\/\/www.livrariarema.com.br\/loja\/wp-json\/wp\/v2\/product_cat?post=327926"},{"taxonomy":"product_tag","embeddable":true,"href":"https:\/\/www.livrariarema.com.br\/loja\/wp-json\/wp\/v2\/product_tag?post=327926"}],"curies":[{"name":"wp","href":"https:\/\/api.w.org\/{rel}","templated":true}]}}