{"id":327931,"date":"2025-03-08T13:46:31","date_gmt":"2025-03-08T16:46:31","guid":{"rendered":"https:\/\/www.livrariarema.com.br\/loja\/produtos\/sem categoria\/cole-e-laila-sao-apenas-amigos-bethany-turner\/"},"modified":"2025-11-04T15:10:50","modified_gmt":"2025-11-04T18:10:50","slug":"cole-e-laila-sao-apenas-amigos-bethany-turner","status":"publish","type":"product","link":"https:\/\/www.livrariarema.com.br\/loja\/produtos\/livros\/ficcao\/cole-e-laila-sao-apenas-amigos-bethany-turner\/","title":{"rendered":"Cole E Laila S\u00e3o Apenas Amigos &#8211; Bethany Turner"},"content":{"rendered":"<p>Cole e Laila s\u00e3o insepar\u00e1veis desde que aprenderam a engatinhar e um nunca pensou sobre o outro de forma rom\u00e2ntica. Exceto quando eles pensaram. Raramente. Quase nunca, s\u00e9rio. Afinal, eles s\u00e3o apenas amigos&#8230; ou ser\u00e1 que n\u00e3o?<br \/>\nCole Kimball e Laila Olivet cresceram entre as montanhas de Adelaide Springs, Colorado, e s\u00e3o melhores amigos desde que conseguem se lembrar. Cole \u00e9 a \u00fanica pessoa fora da fam\u00edlia de Laila que a v\u00ea com os seus grandes \u00f3culos de pl\u00e1stico rosa estilo vintage, e Laila \u00e9 sempre a primeira pessoa a provar todo novo prato que Cole cria no restaurante da fam\u00edlia, mesmo que ela tenha um paladar t\u00e3o refinado quanto o de uma crian\u00e7a na pr\u00e9-escola. Eles possuem aquele tipo raro de amizade que muitos invejam, mas poucos conseguem manter.<br \/>\nTudo muda quando o av\u00f4 de Cole deixa para tr\u00e1s um segredo devastador. Movido pela dor e pela necessidade de recome\u00e7ar, Cole decide se mudar para Nova York. Mas Laila ama sua vida na pequena cidade montanhosa e n\u00e3o pode se imaginar morando em nenhum outro lugar. Ela ama servir clientes que lhe d\u00e3o uma d\u00fazia de ovos frescos como gorjeta, ama viver a passos de dist\u00e2ncia de todas as pessoas que gosta e detesta a ideia de n\u00e3o estar mais a passos de dist\u00e2ncia de sua pessoa favorita no mundo.<br \/>\nEles fazem um acordo: Laila n\u00e3o vai implorar para ele ficar, e Cole n\u00e3o vai tentar convenc\u00ea-la a ir consigo. Eles ter\u00e3o uma \u00faltima aventura juntos em Nova York antes de suas vidas mudarem para sempre e tudo o que precisam fazer \u00e9 aproveitar o tempo ao lado um do outro e fingir que mais nada est\u00e1 acontecendo. Mas est\u00e1 cada vez mais dif\u00edcil ignorar o sentimento inconveniente e potencialmente destruidor de amizades que floresce do nada nos dois&#8230; <br \/>\nNesta deliciosa com\u00e9dia rom\u00e2ntica, Bethany Turner entrega uma hist\u00f3ria repleta de humor, refer\u00eancias \u00e0 cultura pop e di\u00e1logos inteligentes que vai fazer voc\u00ea rir, se emocionar e torcer para que, no fim, a amizade seja apenas o come\u00e7o.<br \/>\nSe voc\u00ea torcia para Luke e Lorelai ficarem juntos em Gilmore Girls ou se amou Harry e Sally &#8211; Feitos um para o outro, vai se apaixonar por Cole e Laila. S\u00f3 n\u00e3o conte isso a eles.<\/p>\n","protected":false},"excerpt":{"rendered":"<p>Cole e Laila s\u00e3o insepar\u00e1veis desde que aprenderam a engatinhar e um nunca pensou sobre o outro de forma rom\u00e2ntica.&hellip;<\/p>\n","protected":false},"featured_media":331748,"comment_status":"open","ping_status":"closed","template":"","meta":[],"product_cat":[162,134],"product_tag":[],"_links":{"self":[{"href":"https:\/\/www.livrariarema.com.br\/loja\/wp-json\/wp\/v2\/product\/327931"}],"collection":[{"href":"https:\/\/www.livrariarema.com.br\/loja\/wp-json\/wp\/v2\/product"}],"about":[{"href":"https:\/\/www.livrariarema.com.br\/loja\/wp-json\/wp\/v2\/types\/product"}],"replies":[{"embeddable":true,"href":"https:\/\/www.livrariarema.com.br\/loja\/wp-json\/wp\/v2\/comments?post=327931"}],"wp:featuredmedia":[{"embeddable":true,"href":"https:\/\/www.livrariarema.com.br\/loja\/wp-json\/wp\/v2\/media\/331748"}],"wp:attachment":[{"href":"https:\/\/www.livrariarema.com.br\/loja\/wp-json\/wp\/v2\/media?parent=327931"}],"wp:term":[{"taxonomy":"product_cat","embeddable":true,"href":"https:\/\/www.livrariarema.com.br\/loja\/wp-json\/wp\/v2\/product_cat?post=327931"},{"taxonomy":"product_tag","embeddable":true,"href":"https:\/\/www.livrariarema.com.br\/loja\/wp-json\/wp\/v2\/product_tag?post=327931"}],"curies":[{"name":"wp","href":"https:\/\/api.w.org\/{rel}","templated":true}]}}