{"id":328034,"date":"2025-03-12T08:51:02","date_gmt":"2025-03-12T11:51:02","guid":{"rendered":"https:\/\/www.livrariarema.com.br\/loja\/produtos\/sem categoria\/biblia-king-james-fiel-1611-brochura-coroa\/"},"modified":"2026-02-23T15:50:59","modified_gmt":"2026-02-23T18:50:59","slug":"biblia-king-james-fiel-1611-brochura-coroa","status":"publish","type":"product","link":"https:\/\/www.livrariarema.com.br\/loja\/produtos\/biblias\/king-james\/biblia-king-james-fiel-1611-brochura-coroa\/","title":{"rendered":"B\u00edblia King James Fiel 1611 &#8211; Brochura &#8211; Coroa"},"content":{"rendered":"<p>A King James 1611 (BKJ1611) \u00e9 considerada uma das publica\u00e7\u00f5es mais significativas da hist\u00f3ria, sendo tamb\u00e9m a mais fiel ao Textus Receptus e ao Texto Massor\u00e9tico. O rei James da Inglaterra convocou 54 estudiosos religiosos e linguistas com o objetivo de realizar uma nova tradu\u00e7\u00e3o da B\u00edblia, buscando estabelecer a vers\u00e3o mais precisa e digna.<\/p>\n<p>As Profecias Messi\u00e2nicas s\u00e3o passagens nas escrituras sagradas, identificadas no texto b\u00edblico pelo s\u00edmbolo da Estrela de Davi, que abordam a vinda de um Messias, um Salvador prometido por Deus. Essas profecias descrevem caracter\u00edsticas, eventos e prop\u00f3sitos relacionados ao Messias, abrangendo sua linhagem, nascimento virginal, minist\u00e9rio, sacrif\u00edcio e o futuro reino, sendo consideradas previs\u00f5es que se cumpriram em Jesus Cristo. Al\u00e9m disso, os Recursos Adicionais oferecem suporte para a compreens\u00e3o do texto b\u00edblico e auxiliam nos estudos dos novos convertidos.<\/p>\n<p>A BV Books Editora tem a satisfa\u00e7\u00e3o de apresentar a Vers\u00e3o Autorizada em portugu\u00eas, que \u00e9 a \u00fanica tradu\u00e7\u00e3o em portugu\u00eas da B\u00edblia King James 1611, reconhecida por sua fidelidade e autenticidade. A BKJ1611 Ultrafina representa uma vers\u00e3o integral da King James 1611, oferecendo uma experi\u00eancia completa para os leitores.<\/p>\n","protected":false},"excerpt":{"rendered":"<p>A King James 1611 (BKJ1611) \u00e9 considerada uma das publica\u00e7\u00f5es mais significativas da hist\u00f3ria, sendo tamb\u00e9m a mais fiel ao&hellip;<\/p>\n","protected":false},"featured_media":345216,"comment_status":"open","ping_status":"closed","template":"","meta":[],"product_cat":[139,233],"product_tag":[],"_links":{"self":[{"href":"https:\/\/www.livrariarema.com.br\/loja\/wp-json\/wp\/v2\/product\/328034"}],"collection":[{"href":"https:\/\/www.livrariarema.com.br\/loja\/wp-json\/wp\/v2\/product"}],"about":[{"href":"https:\/\/www.livrariarema.com.br\/loja\/wp-json\/wp\/v2\/types\/product"}],"replies":[{"embeddable":true,"href":"https:\/\/www.livrariarema.com.br\/loja\/wp-json\/wp\/v2\/comments?post=328034"}],"wp:featuredmedia":[{"embeddable":true,"href":"https:\/\/www.livrariarema.com.br\/loja\/wp-json\/wp\/v2\/media\/345216"}],"wp:attachment":[{"href":"https:\/\/www.livrariarema.com.br\/loja\/wp-json\/wp\/v2\/media?parent=328034"}],"wp:term":[{"taxonomy":"product_cat","embeddable":true,"href":"https:\/\/www.livrariarema.com.br\/loja\/wp-json\/wp\/v2\/product_cat?post=328034"},{"taxonomy":"product_tag","embeddable":true,"href":"https:\/\/www.livrariarema.com.br\/loja\/wp-json\/wp\/v2\/product_tag?post=328034"}],"curies":[{"name":"wp","href":"https:\/\/api.w.org\/{rel}","templated":true}]}}