{"id":328054,"date":"2025-03-12T08:55:54","date_gmt":"2025-03-12T11:55:54","guid":{"rendered":"https:\/\/www.livrariarema.com.br\/loja\/produtos\/sem categoria\/vale-da-dor-o-as-estacoes-do-luto-e-o-consolo-de-deus-tim-challies\/"},"modified":"2025-12-04T10:15:50","modified_gmt":"2025-12-04T13:15:50","slug":"vale-da-dor-o-as-estacoes-do-luto-e-o-consolo-de-deus-tim-challies","status":"publish","type":"product","link":"https:\/\/www.livrariarema.com.br\/loja\/produtos\/livros\/cura-libertacao\/vale-da-dor-o-as-estacoes-do-luto-e-o-consolo-de-deus-tim-challies\/","title":{"rendered":"Vale Da Dor, O &#8211; As Esta\u00e7\u00f5es Do Luto E O Consolo De Deus &#8211; Tim Challies"},"content":{"rendered":"<p>Em meio a dor, tamb\u00e9m me lembro do amor<br \/>\nH\u00e1 momentos inexplic\u00e1veis em nossa vida, alguns dos quais parecem antinaturais \u00e0 exist\u00eancia humana. Para Tim Challies, um desses momentos foi a morte repentina de seu filho de apenas 20 anos. Neste livro, acompanhamos suas reflex\u00f5es durante o primeiro ano de luto, desde o instante em que recebeu a terr\u00edvel not\u00edcia at\u00e9 o primeiro anivers\u00e1rio do ocorrido. Como Deus, em sua infinita miseric\u00f3rdia, permite que eventos assim aconte\u00e7am na vida de seus filhos?<br \/>\nOs planos de Deus guardam muitos mist\u00e9rios, imposs\u00edveis de compreender totalmente nesta vida. No entanto, Challies aponta para a esperan\u00e7a que temos ao confiar na bondade e fidelidade do Senhor. Em meio ao luto, somos chamados a exercer nossa f\u00e9, a confiar que ele continua sendo bom e a testemunhar seu cuidado di\u00e1rio em nossa vida.<br \/>\nO vale da dor \u00e9 um livro que acolhe aos que sofrem, tratando o luto como um processo transformador, algo que, de alguma forma, coopera para bem daqueles que amam a Deus (Romanos 8:28). Al\u00e9m disso, ao incluir relatos pessoais, reflex\u00f5es e d\u00favidas do autor ao longo desse primeiro ano, a obra se torna um recurso muito valioso para auxiliar a comunidade e a rede de apoio dos enlutados, promovendo uma compreens\u00e3o mais ampla sobre todas as esferas do luto.<\/p>\n","protected":false},"excerpt":{"rendered":"<p>Em meio a dor, tamb\u00e9m me lembro do amor H\u00e1 momentos inexplic\u00e1veis em nossa vida, alguns dos quais parecem antinaturais&hellip;<\/p>\n","protected":false},"featured_media":341989,"comment_status":"open","ping_status":"closed","template":"","meta":[],"product_cat":[157,134],"product_tag":[],"_links":{"self":[{"href":"https:\/\/www.livrariarema.com.br\/loja\/wp-json\/wp\/v2\/product\/328054"}],"collection":[{"href":"https:\/\/www.livrariarema.com.br\/loja\/wp-json\/wp\/v2\/product"}],"about":[{"href":"https:\/\/www.livrariarema.com.br\/loja\/wp-json\/wp\/v2\/types\/product"}],"replies":[{"embeddable":true,"href":"https:\/\/www.livrariarema.com.br\/loja\/wp-json\/wp\/v2\/comments?post=328054"}],"wp:featuredmedia":[{"embeddable":true,"href":"https:\/\/www.livrariarema.com.br\/loja\/wp-json\/wp\/v2\/media\/341989"}],"wp:attachment":[{"href":"https:\/\/www.livrariarema.com.br\/loja\/wp-json\/wp\/v2\/media?parent=328054"}],"wp:term":[{"taxonomy":"product_cat","embeddable":true,"href":"https:\/\/www.livrariarema.com.br\/loja\/wp-json\/wp\/v2\/product_cat?post=328054"},{"taxonomy":"product_tag","embeddable":true,"href":"https:\/\/www.livrariarema.com.br\/loja\/wp-json\/wp\/v2\/product_tag?post=328054"}],"curies":[{"name":"wp","href":"https:\/\/api.w.org\/{rel}","templated":true}]}}