{"id":328075,"date":"2025-03-12T08:59:05","date_gmt":"2025-03-12T11:59:05","guid":{"rendered":"https:\/\/www.livrariarema.com.br\/loja\/produtos\/sem categoria\/meu-entardecer-de-outono-queren-ane\/"},"modified":"2026-04-23T12:50:27","modified_gmt":"2026-04-23T15:50:27","slug":"meu-entardecer-de-outono-queren-ane","status":"publish","type":"product","link":"https:\/\/www.livrariarema.com.br\/loja\/produtos\/livros\/ficcao\/meu-entardecer-de-outono-queren-ane\/","title":{"rendered":"Meu Entardecer De Outono &#8211; Queren Ane"},"content":{"rendered":"<p>Depois de muita dedica\u00e7\u00e3o para conquistar suas primeiras f\u00e9rias sem os pais, Ch\u00e9r embarca em uma aventura repleta de dias ensolarados, banhos de mar, risadas e at\u00e9 mesmo um namoro fake. Mas, em meio a mentirinhas e momentos de divers\u00e3o, a jovem percebe que ainda tem muito a aprender.<\/p>\n<p>Ser\u00e1 que Ch\u00e9r est\u00e1 pronta para abra\u00e7ar as mudan\u00e7as e evoluir? Ou ser\u00e1 que ainda \u00e9 cedo demais?<\/p>\n<p>Com uma narrativa leve, divertida e cheia de li\u00e7\u00f5es preciosas, Meu entardecer de outono \u00e9 uma continua\u00e7\u00e3o perfeita para quem se apaixonou por Meu sol de primavera. Queren Ane mais uma vez nos conduz por uma hist\u00f3ria que toca o cora\u00e7\u00e3o, arranca risos e, ao mesmo tempo, traz reflex\u00f5es sobre amadurecimento, amizades e a jornada crist\u00e3.<\/p>\n","protected":false},"excerpt":{"rendered":"<p>Depois de muita dedica\u00e7\u00e3o para conquistar suas primeiras f\u00e9rias sem os pais, Ch\u00e9r embarca em uma aventura repleta de dias&hellip;<\/p>\n","protected":false},"featured_media":344318,"comment_status":"open","ping_status":"closed","template":"","meta":[],"product_cat":[162,134],"product_tag":[],"_links":{"self":[{"href":"https:\/\/www.livrariarema.com.br\/loja\/wp-json\/wp\/v2\/product\/328075"}],"collection":[{"href":"https:\/\/www.livrariarema.com.br\/loja\/wp-json\/wp\/v2\/product"}],"about":[{"href":"https:\/\/www.livrariarema.com.br\/loja\/wp-json\/wp\/v2\/types\/product"}],"replies":[{"embeddable":true,"href":"https:\/\/www.livrariarema.com.br\/loja\/wp-json\/wp\/v2\/comments?post=328075"}],"wp:featuredmedia":[{"embeddable":true,"href":"https:\/\/www.livrariarema.com.br\/loja\/wp-json\/wp\/v2\/media\/344318"}],"wp:attachment":[{"href":"https:\/\/www.livrariarema.com.br\/loja\/wp-json\/wp\/v2\/media?parent=328075"}],"wp:term":[{"taxonomy":"product_cat","embeddable":true,"href":"https:\/\/www.livrariarema.com.br\/loja\/wp-json\/wp\/v2\/product_cat?post=328075"},{"taxonomy":"product_tag","embeddable":true,"href":"https:\/\/www.livrariarema.com.br\/loja\/wp-json\/wp\/v2\/product_tag?post=328075"}],"curies":[{"name":"wp","href":"https:\/\/api.w.org\/{rel}","templated":true}]}}