{"id":328082,"date":"2025-03-12T08:59:42","date_gmt":"2025-03-12T11:59:42","guid":{"rendered":"https:\/\/www.livrariarema.com.br\/loja\/produtos\/sem categoria\/unindo-geracoes-renato-vargens\/"},"modified":"2025-07-17T15:54:26","modified_gmt":"2025-07-17T18:54:26","slug":"unindo-geracoes-renato-vargens","status":"publish","type":"product","link":"https:\/\/www.livrariarema.com.br\/loja\/produtos\/livros\/familia\/unindo-geracoes-renato-vargens\/","title":{"rendered":"Unindo Gera\u00e7\u00f5es &#8211; Renato Vargens"},"content":{"rendered":"<p>A SABEDORIA B\u00cdBLICA \u00c9 O \u00daNICO REM\u00c9DIO PARA QUALQUER CONFLITO INTERGERACIONAL!<\/p>\n<p>Em nenhum outro momento da hist\u00f3ria, pessoas de gera\u00e7\u00f5es t\u00e3o diferentes conviveram entre si como em nossos dias. Naturalmente, isso gera os mais diversos conflitos nas \u00e1reas mais diferentes da vida: trabalho, cria\u00e7\u00e3o de filhos, igreja, etc. Todavia, o Senhor nos chama \u00e0 uni\u00e3o, e n\u00e3o ao caos. Assim, como havemos de unir as gera\u00e7\u00f5es em torno da Palavra?<\/p>\n<p>Neste livro, o autor e pastor Renato Vargens, por meio de uma vasta sabedoria b\u00edblica, nos mostra como o evangelho pode unir gera\u00e7\u00f5es t\u00e3o distintas pela paz de Cristo, ensinando-nos a amar pessoas t\u00e3o diferentes de n\u00f3s.<\/p>\n<p>Em treze breves cap\u00edtulos, Vargens tanto descreve a situa\u00e7\u00e3o de cada gera\u00e7\u00e3o nos dias atuais como tamb\u00e9m nos orienta de modo pr\u00e1tico e pastoral a de que forma lidar com diferentes gera\u00e7\u00f5es.<\/p>\n<p>Al\u00e9m de um conte\u00fado pertinente para a nossa \u00e9poca, este livro \u00e9 perfeito para estudos em grupo, uma vez que cada cap\u00edtulo conta com quest\u00f5es para medita\u00e7\u00e3o e passagens b\u00edblicas para reflex\u00e3o, a fim de que o leitor possa aplicar e fixar o conte\u00fado exposto.<\/p>\n","protected":false},"excerpt":{"rendered":"<p>A SABEDORIA B\u00cdBLICA \u00c9 O \u00daNICO REM\u00c9DIO PARA QUALQUER CONFLITO INTERGERACIONAL! Em nenhum outro momento da hist\u00f3ria, pessoas de gera\u00e7\u00f5es&hellip;<\/p>\n","protected":false},"featured_media":333881,"comment_status":"open","ping_status":"closed","template":"","meta":[],"product_cat":[178,134],"product_tag":[],"_links":{"self":[{"href":"https:\/\/www.livrariarema.com.br\/loja\/wp-json\/wp\/v2\/product\/328082"}],"collection":[{"href":"https:\/\/www.livrariarema.com.br\/loja\/wp-json\/wp\/v2\/product"}],"about":[{"href":"https:\/\/www.livrariarema.com.br\/loja\/wp-json\/wp\/v2\/types\/product"}],"replies":[{"embeddable":true,"href":"https:\/\/www.livrariarema.com.br\/loja\/wp-json\/wp\/v2\/comments?post=328082"}],"wp:featuredmedia":[{"embeddable":true,"href":"https:\/\/www.livrariarema.com.br\/loja\/wp-json\/wp\/v2\/media\/333881"}],"wp:attachment":[{"href":"https:\/\/www.livrariarema.com.br\/loja\/wp-json\/wp\/v2\/media?parent=328082"}],"wp:term":[{"taxonomy":"product_cat","embeddable":true,"href":"https:\/\/www.livrariarema.com.br\/loja\/wp-json\/wp\/v2\/product_cat?post=328082"},{"taxonomy":"product_tag","embeddable":true,"href":"https:\/\/www.livrariarema.com.br\/loja\/wp-json\/wp\/v2\/product_tag?post=328082"}],"curies":[{"name":"wp","href":"https:\/\/api.w.org\/{rel}","templated":true}]}}