{"id":328088,"date":"2025-03-12T09:00:22","date_gmt":"2025-03-12T12:00:22","guid":{"rendered":"https:\/\/www.livrariarema.com.br\/loja\/produtos\/sem categoria\/a-familia-leitora-sarah-mackenzie\/"},"modified":"2025-03-12T09:00:22","modified_gmt":"2025-03-12T12:00:22","slug":"a-familia-leitora-sarah-mackenzie","status":"publish","type":"product","link":"https:\/\/www.livrariarema.com.br\/loja\/produtos\/livros\/familia\/a-familia-leitora-sarah-mackenzie\/","title":{"rendered":"A Fam\u00edlia Leitora &#8211; Sarah Mackenzie"},"content":{"rendered":"<p>Estrat\u00e9gias pr\u00e1ticas para fazer da leitura em voz alta um ritual familiar significativo.<\/p>\n<p>As hist\u00f3rias que lemos e nossas conversas acerca dessas hist\u00f3rias ajudam a moldar tradi\u00e7\u00f5es familiares e a criar mem\u00f3rias para a vida toda; s\u00e3o narrativas que se tornam parte de nosso legado. Ler em voz alta n\u00e3o s\u00f3 tem o poder de mudar uma fam\u00edlia tem o poder de mudar o mundo.<\/p>\n<p>No entanto, todos sabemos das dificuldades de criar elos profundos com nossa pr\u00f3pria fam\u00edlia em uma sociedade t\u00e3o agitada e orientada pela tecnologia. E, embora ler em voz alta seja uma das melhores formas de estar plenamente presente com seus filhos, mesmo depois de alfabetizados, nem sempre \u00e9 f\u00e1cil de manter essa pr\u00e1tica. Portanto, nesta obra, descubra como:<\/p>\n<p>*Preparar seus filhos para o sucesso acad\u00eamico por meio da leitura em voz alta<br \/>\n*Desenvolver empatia e compaix\u00e3o em seus filhos por meio dos livros<br \/>\n*Encontrar tempo para ler em voz alta na rotina de escola, cursos e esportes, ou mesmo enquanto lava a lou\u00e7a<br \/>\n*Escolher livros dentre uma variedade de interesses e faixas et\u00e1rias<br \/>\n*Tornar a leitura em voz alta a melhor parte do dia de sua fam\u00edlia.<\/p>\n<p>O livro A Fam\u00edlia Leitora tamb\u00e9m oferece uma lista de livros apropriados a cada faixa et\u00e1ria, da inf\u00e2ncia \u00e0 adolesc\u00eancia. Do deslumbramento de uma crian\u00e7a de colo \u00e0 resist\u00eancia de um adolescente, voc\u00ea encontrar\u00e1 a inspira\u00e7\u00e3o de que precisa para come\u00e7ar um verdadeiro movimento de leitura em voz alta em sua casa.<\/p>\n","protected":false},"excerpt":{"rendered":"<p>Estrat\u00e9gias pr\u00e1ticas para fazer da leitura em voz alta um ritual familiar significativo. As hist\u00f3rias que lemos e nossas conversas&hellip;<\/p>\n","protected":false},"featured_media":328087,"comment_status":"open","ping_status":"closed","template":"","meta":[],"product_cat":[178,134],"product_tag":[],"_links":{"self":[{"href":"https:\/\/www.livrariarema.com.br\/loja\/wp-json\/wp\/v2\/product\/328088"}],"collection":[{"href":"https:\/\/www.livrariarema.com.br\/loja\/wp-json\/wp\/v2\/product"}],"about":[{"href":"https:\/\/www.livrariarema.com.br\/loja\/wp-json\/wp\/v2\/types\/product"}],"replies":[{"embeddable":true,"href":"https:\/\/www.livrariarema.com.br\/loja\/wp-json\/wp\/v2\/comments?post=328088"}],"wp:featuredmedia":[{"embeddable":true,"href":"https:\/\/www.livrariarema.com.br\/loja\/wp-json\/wp\/v2\/media\/328087"}],"wp:attachment":[{"href":"https:\/\/www.livrariarema.com.br\/loja\/wp-json\/wp\/v2\/media?parent=328088"}],"wp:term":[{"taxonomy":"product_cat","embeddable":true,"href":"https:\/\/www.livrariarema.com.br\/loja\/wp-json\/wp\/v2\/product_cat?post=328088"},{"taxonomy":"product_tag","embeddable":true,"href":"https:\/\/www.livrariarema.com.br\/loja\/wp-json\/wp\/v2\/product_tag?post=328088"}],"curies":[{"name":"wp","href":"https:\/\/api.w.org\/{rel}","templated":true}]}}