{"id":328093,"date":"2025-03-12T09:00:52","date_gmt":"2025-03-12T12:00:52","guid":{"rendered":"https:\/\/www.livrariarema.com.br\/loja\/produtos\/sem categoria\/a-lingua-e-fogo-simone-quaresma\/"},"modified":"2025-05-27T16:52:13","modified_gmt":"2025-05-27T19:52:13","slug":"a-lingua-e-fogo-simone-quaresma","status":"publish","type":"product","link":"https:\/\/www.livrariarema.com.br\/loja\/produtos\/livros\/vida-crista\/a-lingua-e-fogo-simone-quaresma\/","title":{"rendered":"A L\u00edngua \u00c9 Fogo &#8211; Simone Quaresma"},"content":{"rendered":"<p>Qual seria a extens\u00e3o do estrago na sua vida e na vida dos que o rodeiam se, num dia desses, sem aviso, todas as suas conversas particulares e as coisas que voc\u00ea fala de outras pessoas fossem expostas em alto e bom som, para quem quisesse ouvir?<\/p>\n<p>Esta ideia lhe parece assustadora? Ser\u00e1 que tudo que falamos em oculto \u00e9 l\u00edcito o suficiente para ser declarado, se necess\u00e1rio, em pra\u00e7a p\u00fablica? Ser\u00e1 que temos atentado para o que a B\u00edblia insistentemente nos alerta com rela\u00e7\u00e3o ao nosso falar?<\/p>\n<p>Se existe uma \u00e1rea da vida que deve ser constantemente vigiada, eis que \u00e9 o modo como se utiliza a l\u00edngua.<\/p>\n","protected":false},"excerpt":{"rendered":"<p>Qual seria a extens\u00e3o do estrago na sua vida e na vida dos que o rodeiam se, num dia desses,&hellip;<\/p>\n","protected":false},"featured_media":331757,"comment_status":"open","ping_status":"closed","template":"","meta":[],"product_cat":[134,137],"product_tag":[],"_links":{"self":[{"href":"https:\/\/www.livrariarema.com.br\/loja\/wp-json\/wp\/v2\/product\/328093"}],"collection":[{"href":"https:\/\/www.livrariarema.com.br\/loja\/wp-json\/wp\/v2\/product"}],"about":[{"href":"https:\/\/www.livrariarema.com.br\/loja\/wp-json\/wp\/v2\/types\/product"}],"replies":[{"embeddable":true,"href":"https:\/\/www.livrariarema.com.br\/loja\/wp-json\/wp\/v2\/comments?post=328093"}],"wp:featuredmedia":[{"embeddable":true,"href":"https:\/\/www.livrariarema.com.br\/loja\/wp-json\/wp\/v2\/media\/331757"}],"wp:attachment":[{"href":"https:\/\/www.livrariarema.com.br\/loja\/wp-json\/wp\/v2\/media?parent=328093"}],"wp:term":[{"taxonomy":"product_cat","embeddable":true,"href":"https:\/\/www.livrariarema.com.br\/loja\/wp-json\/wp\/v2\/product_cat?post=328093"},{"taxonomy":"product_tag","embeddable":true,"href":"https:\/\/www.livrariarema.com.br\/loja\/wp-json\/wp\/v2\/product_tag?post=328093"}],"curies":[{"name":"wp","href":"https:\/\/api.w.org\/{rel}","templated":true}]}}