{"id":328133,"date":"2025-03-12T09:26:32","date_gmt":"2025-03-12T12:26:32","guid":{"rendered":"https:\/\/www.livrariarema.com.br\/loja\/produtos\/sem%20categoria\/grandes-herois-os-historias-biblicas-para-bebes\/"},"modified":"2026-02-23T15:45:12","modified_gmt":"2026-02-23T18:45:12","slug":"grandes-herois-os-historias-biblicas-para-bebes","status":"publish","type":"product","link":"https:\/\/www.livrariarema.com.br\/loja\/produtos\/livros\/infantil-biblia\/grandes-herois-os-historias-biblicas-para-bebes\/","title":{"rendered":"Grandes Her\u00f3is, Os &#8211; Hist\u00f3rias B\u00edblicas Para Beb\u00eas"},"content":{"rendered":"<p>Este livro \u00e9 para crian\u00e7as na idade de 1 a 4 anos. O App est\u00e1 dispon\u00edvel somente em Espanhol, narrado em Espanhol.<\/p>\n<p>Veja as hist\u00f3rias b\u00edblicas ganharem vida neste singular Livro Interativo de Hist\u00f3rias B\u00edblicas baixando GR\u00c1TIS o aplicativo de Realidade Aumentada. As ilustra\u00e7\u00f5es envolvem e motiva o leitor assistir as 145 realidades aumentadas e coloridas que saltam da p\u00e1gina. Este livro de hist\u00f3rias b\u00edblicas tamb\u00e9m traz as Conex\u00f5es com Cristo, que mostram como Cristo se faz presente na hist\u00f3ria b\u00edblica desde G\u00eanesis at\u00e9 Apocalipse. Cada hist\u00f3ria tamb\u00e9m traz &#8220;A Grande Pergunta&#8221; e &#8220;A Grande Resposta&#8221;, para mais discuss\u00f5es.<\/p>\n","protected":false},"excerpt":{"rendered":"<p>Este livro \u00e9 para crian\u00e7as na idade de 1 a 4 anos. O App est\u00e1 dispon\u00edvel somente em Espanhol, narrado&hellip;<\/p>\n","protected":false},"featured_media":345179,"comment_status":"open","ping_status":"closed","template":"","meta":[],"product_cat":[165,134],"product_tag":[],"_links":{"self":[{"href":"https:\/\/www.livrariarema.com.br\/loja\/wp-json\/wp\/v2\/product\/328133"}],"collection":[{"href":"https:\/\/www.livrariarema.com.br\/loja\/wp-json\/wp\/v2\/product"}],"about":[{"href":"https:\/\/www.livrariarema.com.br\/loja\/wp-json\/wp\/v2\/types\/product"}],"replies":[{"embeddable":true,"href":"https:\/\/www.livrariarema.com.br\/loja\/wp-json\/wp\/v2\/comments?post=328133"}],"wp:featuredmedia":[{"embeddable":true,"href":"https:\/\/www.livrariarema.com.br\/loja\/wp-json\/wp\/v2\/media\/345179"}],"wp:attachment":[{"href":"https:\/\/www.livrariarema.com.br\/loja\/wp-json\/wp\/v2\/media?parent=328133"}],"wp:term":[{"taxonomy":"product_cat","embeddable":true,"href":"https:\/\/www.livrariarema.com.br\/loja\/wp-json\/wp\/v2\/product_cat?post=328133"},{"taxonomy":"product_tag","embeddable":true,"href":"https:\/\/www.livrariarema.com.br\/loja\/wp-json\/wp\/v2\/product_tag?post=328133"}],"curies":[{"name":"wp","href":"https:\/\/api.w.org\/{rel}","templated":true}]}}