{"id":328348,"date":"2025-03-13T16:47:39","date_gmt":"2025-03-13T19:47:39","guid":{"rendered":"https:\/\/www.livrariarema.com.br\/loja\/produtos\/sem categoria\/estrategia-empresarial-brian-tracy\/"},"modified":"2025-03-17T14:23:11","modified_gmt":"2025-03-17T17:23:11","slug":"estrategia-empresarial-brian-tracy","status":"publish","type":"product","link":"https:\/\/www.livrariarema.com.br\/loja\/produtos\/livros\/lideranca\/estrategia-empresarial-brian-tracy\/","title":{"rendered":"Estrat\u00e9gia Empresarial &#8211; Brian Tracy"},"content":{"rendered":"<p>COMO VOC\u00ca DETERMINAR\u00c1 se sua empresa \u00e9 bem-sucedida se n\u00e3o puder basear o desempenho em uma estrat\u00e9gia de neg\u00f3cios bem definida? Um plano estrat\u00e9gico estabelecido desde a concep\u00e7\u00e3o do empreendimento ajuda a delinear o futuro da organiza\u00e7\u00e3o, tra\u00e7ando um caminho claro que parte da situa\u00e7\u00e3o atual da empresa e avan\u00e7a em dire\u00e7\u00e3o ao objetivo desejado. Definir uma estrat\u00e9gia de neg\u00f3cios permite desenvolver clareza absoluta sobre prioridades, organizar recursos e obter resultados melhores do que os anteriores. O renomado autor de neg\u00f3cios Brian Tracy forneceu um caminho simples para criar a estrat\u00e9gia de neg\u00f3cios espec\u00edfica necess\u00e1ria para o sucesso de sua empresa.<br \/>\nEm Estrat\u00e9gia empresarial, Tracy ajudar\u00e1 voc\u00ea a descobrir como:<br \/>\n&#8211; Fazer as cinco perguntas-chave vitais para qualquer plano estrat\u00e9gico.<br \/>\n&#8211; Determinar uma miss\u00e3o corporativa que eleve e inspire as pessoas.<br \/>\n&#8211; Definir-se em rela\u00e7\u00e3o \u00e0 concorr\u00eancia.<br \/>\n&#8211; Reposicionar os neg\u00f3cios com novos produtos, servi\u00e7os e tecnologia.<br \/>\n&#8211; Prever crises e muito mais!<br \/>\nIncorporando exemplos abrangentes, de Alexandre, o Grande \u00e0 IBM e General Electric, este guia pr\u00e1tico e conciso oferece aos leitores ideias comprovadas para aumentar os resultados financeiros das empresas e maximizar os pontos fortes e as oportunidades. O caminho para o sucesso come\u00e7a no princ\u00edpio!<\/p>\n","protected":false},"excerpt":{"rendered":"<p>COMO VOC\u00ca DETERMINAR\u00c1 se sua empresa \u00e9 bem-sucedida se n\u00e3o puder basear o desempenho em uma estrat\u00e9gia de neg\u00f3cios bem&hellip;<\/p>\n","protected":false},"featured_media":328581,"comment_status":"open","ping_status":"closed","template":"","meta":[],"product_cat":[153,134],"product_tag":[],"_links":{"self":[{"href":"https:\/\/www.livrariarema.com.br\/loja\/wp-json\/wp\/v2\/product\/328348"}],"collection":[{"href":"https:\/\/www.livrariarema.com.br\/loja\/wp-json\/wp\/v2\/product"}],"about":[{"href":"https:\/\/www.livrariarema.com.br\/loja\/wp-json\/wp\/v2\/types\/product"}],"replies":[{"embeddable":true,"href":"https:\/\/www.livrariarema.com.br\/loja\/wp-json\/wp\/v2\/comments?post=328348"}],"wp:featuredmedia":[{"embeddable":true,"href":"https:\/\/www.livrariarema.com.br\/loja\/wp-json\/wp\/v2\/media\/328581"}],"wp:attachment":[{"href":"https:\/\/www.livrariarema.com.br\/loja\/wp-json\/wp\/v2\/media?parent=328348"}],"wp:term":[{"taxonomy":"product_cat","embeddable":true,"href":"https:\/\/www.livrariarema.com.br\/loja\/wp-json\/wp\/v2\/product_cat?post=328348"},{"taxonomy":"product_tag","embeddable":true,"href":"https:\/\/www.livrariarema.com.br\/loja\/wp-json\/wp\/v2\/product_tag?post=328348"}],"curies":[{"name":"wp","href":"https:\/\/api.w.org\/{rel}","templated":true}]}}