{"id":328350,"date":"2025-03-13T16:47:46","date_gmt":"2025-03-13T19:47:46","guid":{"rendered":"https:\/\/www.livrariarema.com.br\/loja\/produtos\/sem categoria\/marketing-brian-tracy\/"},"modified":"2025-03-17T14:18:20","modified_gmt":"2025-03-17T17:18:20","slug":"marketing-brian-tracy","status":"publish","type":"product","link":"https:\/\/www.livrariarema.com.br\/loja\/produtos\/livros\/lideranca\/marketing-brian-tracy\/","title":{"rendered":"Marketing &#8211; Brian Tracy"},"content":{"rendered":"<p>MUITAS EMPRESAS caem na armadilha de desenvolver produtos ou servi\u00e7os e, depois, direcionam todos os seus esfor\u00e7os de marketing para convencer os clientes de que precisam dessas ofertas. No entanto, o segredo para um marketing eficaz e para um neg\u00f3cio de sucesso est\u00e1 em saber, desde o in\u00edcio, que o que voc\u00ea oferece \u00e9 exatamente o que o p\u00fablico procura.<br \/>\nO renomado especialista em neg\u00f3cios, Brian Tracy, apresenta 21 ideias<br \/>\ntransformadoras e comprovadas que qualquer empresa pode aplicar a fim<br \/>\nde melhorar os resultados de seu marketing estrat\u00e9gico.<br \/>\nEm Marketing, Tracy ajuda voc\u00ea a descobrir como:<br \/>\n&#8211; Construir e expandir sua base de clientes;<br \/>\n&#8211; Diferenciar-se da concorr\u00eancia;<br \/>\n&#8211; Utilizar pesquisas de mercado e grupos focais para tomar decis\u00f5es<br \/>\nmais assertivas;<br \/>\n&#8211; Atender a uma necessidade emocional b\u00e1sica dos compradores;<br \/>\n&#8211; Determinar o pre\u00e7o ideal para seus produtos ou servi\u00e7os;<br \/>\n&#8211; Maximizar o potencial dos seus canais de distribui\u00e7\u00e3o;<br \/>\n&#8211; Oferecer aos clientes raz\u00f5es para preferir sua empresa em vez da<br \/>\nconcorr\u00eancia, e muito mais.<br \/>\nRepleto de estrat\u00e9gias de marketing testadas e aprovadas, e com a sabedoria caracter\u00edstica de Brian Tracy, Marketing \u00e9 um guia pr\u00e1tico e compacto que ensina como superar a concorr\u00eancia, aumentar vendas e lucratividade, e dominar o nicho de mercado da sua empresa.<\/p>\n","protected":false},"excerpt":{"rendered":"<p>MUITAS EMPRESAS caem na armadilha de desenvolver produtos ou servi\u00e7os e, depois, direcionam todos os seus esfor\u00e7os de marketing para&hellip;<\/p>\n","protected":false},"featured_media":328570,"comment_status":"open","ping_status":"closed","template":"","meta":[],"product_cat":[153,134],"product_tag":[],"_links":{"self":[{"href":"https:\/\/www.livrariarema.com.br\/loja\/wp-json\/wp\/v2\/product\/328350"}],"collection":[{"href":"https:\/\/www.livrariarema.com.br\/loja\/wp-json\/wp\/v2\/product"}],"about":[{"href":"https:\/\/www.livrariarema.com.br\/loja\/wp-json\/wp\/v2\/types\/product"}],"replies":[{"embeddable":true,"href":"https:\/\/www.livrariarema.com.br\/loja\/wp-json\/wp\/v2\/comments?post=328350"}],"wp:featuredmedia":[{"embeddable":true,"href":"https:\/\/www.livrariarema.com.br\/loja\/wp-json\/wp\/v2\/media\/328570"}],"wp:attachment":[{"href":"https:\/\/www.livrariarema.com.br\/loja\/wp-json\/wp\/v2\/media?parent=328350"}],"wp:term":[{"taxonomy":"product_cat","embeddable":true,"href":"https:\/\/www.livrariarema.com.br\/loja\/wp-json\/wp\/v2\/product_cat?post=328350"},{"taxonomy":"product_tag","embeddable":true,"href":"https:\/\/www.livrariarema.com.br\/loja\/wp-json\/wp\/v2\/product_tag?post=328350"}],"curies":[{"name":"wp","href":"https:\/\/api.w.org\/{rel}","templated":true}]}}