{"id":328352,"date":"2025-03-13T16:47:50","date_gmt":"2025-03-13T19:47:50","guid":{"rendered":"https:\/\/www.livrariarema.com.br\/loja\/produtos\/sem categoria\/domine-o-poder-da-tensao-para-esticar-sem-quebrar-samuel-r-chand\/"},"modified":"2025-09-11T09:30:41","modified_gmt":"2025-09-11T12:30:41","slug":"domine-o-poder-da-tensao-para-esticar-sem-quebrar-samuel-r-chand","status":"publish","type":"product","link":"https:\/\/www.livrariarema.com.br\/loja\/produtos\/livros\/lideranca\/domine-o-poder-da-tensao-para-esticar-sem-quebrar-samuel-r-chand\/","title":{"rendered":"Domine O Poder Da Tens\u00e3o &#8211; Para Esticar Sem Quebrar &#8211; Samuel R. Chand"},"content":{"rendered":"<p>Neste livro, Sam Chand, consultor internacional de lideran\u00e7a, examina a tens\u00e3o quando ela surge e quando se interp\u00f5e nos neg\u00f3cios, na comunidade eclesi\u00e1stica e na fam\u00edlia. a presen\u00e7a da tens\u00e3o n\u00e3o \u00e9 uma defici\u00eancia sua nem amea\u00e7a de outras pessoas. N\u00e3o \u00e9 um problema a ser resolvido, mas uma for\u00e7a a ser usada. Quando voc\u00ea desenvolve essa perspectiva e se v\u00ea frente a frente com a tens\u00e3o, fica menos confuso e sente-se menos culpado porque entende que a tens\u00e3o n\u00e3o resulta de um erro ou defeito seu. Desse modo, voc\u00ea sentir\u00e1 menos press\u00e3o para solucionar os problemas e menos for\u00e7ado a resolv\u00ea-los completamente e com rapidez.<\/p>\n","protected":false},"excerpt":{"rendered":"<p>Neste livro, Sam Chand, consultor internacional de lideran\u00e7a, examina a tens\u00e3o quando ela surge e quando se interp\u00f5e nos neg\u00f3cios,&hellip;<\/p>\n","protected":false},"featured_media":328580,"comment_status":"open","ping_status":"closed","template":"","meta":[],"product_cat":[153,134],"product_tag":[],"_links":{"self":[{"href":"https:\/\/www.livrariarema.com.br\/loja\/wp-json\/wp\/v2\/product\/328352"}],"collection":[{"href":"https:\/\/www.livrariarema.com.br\/loja\/wp-json\/wp\/v2\/product"}],"about":[{"href":"https:\/\/www.livrariarema.com.br\/loja\/wp-json\/wp\/v2\/types\/product"}],"replies":[{"embeddable":true,"href":"https:\/\/www.livrariarema.com.br\/loja\/wp-json\/wp\/v2\/comments?post=328352"}],"wp:featuredmedia":[{"embeddable":true,"href":"https:\/\/www.livrariarema.com.br\/loja\/wp-json\/wp\/v2\/media\/328580"}],"wp:attachment":[{"href":"https:\/\/www.livrariarema.com.br\/loja\/wp-json\/wp\/v2\/media?parent=328352"}],"wp:term":[{"taxonomy":"product_cat","embeddable":true,"href":"https:\/\/www.livrariarema.com.br\/loja\/wp-json\/wp\/v2\/product_cat?post=328352"},{"taxonomy":"product_tag","embeddable":true,"href":"https:\/\/www.livrariarema.com.br\/loja\/wp-json\/wp\/v2\/product_tag?post=328352"}],"curies":[{"name":"wp","href":"https:\/\/api.w.org\/{rel}","templated":true}]}}