{"id":328357,"date":"2025-03-13T16:48:10","date_gmt":"2025-03-13T19:48:10","guid":{"rendered":"https:\/\/www.livrariarema.com.br\/loja\/produtos\/sem categoria\/agilmente-estanislao-bachrach\/"},"modified":"2026-01-28T12:08:44","modified_gmt":"2026-01-28T15:08:44","slug":"agilmente-estanislao-bachrach","status":"publish","type":"product","link":"https:\/\/www.livrariarema.com.br\/loja\/produtos\/livros\/lideranca\/agilmente-estanislao-bachrach\/","title":{"rendered":"Agilmente &#8211; Estanislao Bachrach"},"content":{"rendered":"<p>Voc\u00ea \u00e9 do tipo que pensa que ser criativo \u00e9 uma qualidade s\u00f3 para g\u00eanios e gurus? Errou. Independentemente de quem voc\u00ea seja, pode mudar. A  criatividade pode se expandir. Atualmente, a neuroci\u00eancia \u00e9 clara: o c\u00e9rebro aprende at\u00e9 o \u00faltimo dia de vida. Com o uso de t\u00e9cnicas corretas, a sua mente pode mudar a anatomia e a estrutura do seu c\u00e9rebro. Agilmente \u00e9 um livro sobre o nosso talento mais valorizado e \u00fanico: a habilidade que o ser humano tem para imaginar e ser mais criativo. Ao longo destas p\u00e1ginas, voc\u00ea conseguir\u00e1 desenvolver todo o seu potencial e entender os mecanismos dos seus pr\u00f3prios processos de aprendizado, compreender\u00e1 como usar os sentidos, ampliar a mem\u00f3ria, focar a aten\u00e7\u00e3o, controlar as emo\u00e7\u00f5es negativas e aproveitar as emo\u00e7\u00f5es positivas. Deixe-se levar em uma viagem impressionante e divertida at\u00e9 o mais profundo do seu c\u00e9rebro porque, quando voc\u00ea o conhecer de verdade, a sua vida mudar\u00e1 para sempre.<\/p>\n","protected":false},"excerpt":{"rendered":"<p>Voc\u00ea \u00e9 do tipo que pensa que ser criativo \u00e9 uma qualidade s\u00f3 para g\u00eanios e gurus? Errou. Independentemente de&hellip;<\/p>\n","protected":false},"featured_media":328537,"comment_status":"open","ping_status":"closed","template":"","meta":[],"product_cat":[153,134],"product_tag":[],"_links":{"self":[{"href":"https:\/\/www.livrariarema.com.br\/loja\/wp-json\/wp\/v2\/product\/328357"}],"collection":[{"href":"https:\/\/www.livrariarema.com.br\/loja\/wp-json\/wp\/v2\/product"}],"about":[{"href":"https:\/\/www.livrariarema.com.br\/loja\/wp-json\/wp\/v2\/types\/product"}],"replies":[{"embeddable":true,"href":"https:\/\/www.livrariarema.com.br\/loja\/wp-json\/wp\/v2\/comments?post=328357"}],"wp:featuredmedia":[{"embeddable":true,"href":"https:\/\/www.livrariarema.com.br\/loja\/wp-json\/wp\/v2\/media\/328537"}],"wp:attachment":[{"href":"https:\/\/www.livrariarema.com.br\/loja\/wp-json\/wp\/v2\/media?parent=328357"}],"wp:term":[{"taxonomy":"product_cat","embeddable":true,"href":"https:\/\/www.livrariarema.com.br\/loja\/wp-json\/wp\/v2\/product_cat?post=328357"},{"taxonomy":"product_tag","embeddable":true,"href":"https:\/\/www.livrariarema.com.br\/loja\/wp-json\/wp\/v2\/product_tag?post=328357"}],"curies":[{"name":"wp","href":"https:\/\/api.w.org\/{rel}","templated":true}]}}