{"id":328359,"date":"2025-03-13T16:48:14","date_gmt":"2025-03-13T19:48:14","guid":{"rendered":"https:\/\/www.livrariarema.com.br\/loja\/produtos\/sem categoria\/messi-o-genio-completo-messi-o-genio-completo-ariel-senosiain\/"},"modified":"2025-04-03T16:31:06","modified_gmt":"2025-04-03T19:31:06","slug":"messi-o-genio-completo-messi-o-genio-completo-ariel-senosiain","status":"publish","type":"product","link":"https:\/\/www.livrariarema.com.br\/loja\/produtos\/livros\/lideranca\/messi-o-genio-completo-messi-o-genio-completo-ariel-senosiain\/","title":{"rendered":"Messi &#8211; O G\u00eanio Completo &#8211; Messi O G\u00eanio Completo &#8211; Ariel Senosiain"},"content":{"rendered":"<p>Agora completo, o g\u00eanio do futebol \u00e9 retratado neste livro pela vis\u00e3o daqueles que mais estiveram perto e sempre souberam do que ele era capaz. O experiente jornalista Ariel Senosiain fez 68 entrevistas e conseguiu o que ningu\u00e9m conseguiu: falar com o pr\u00f3prio pai do Messi, o treinador Alejandro Sabella e o ex-presidente da FIFA Sepp Blatter. A recria\u00e7\u00e3o v\u00edvida das pe\u00e7as-chave s\u00e3o um presente para os amantes do futebol e a an\u00e1lise afiada conquista todos os leitores. Uma leitura cativante. Uma hist\u00f3ria \u00e9pica.<\/p>\n<p>ARIEL SENOSIAIN \u00e9 palestrante e escritor. Nascido na Argentina, o jornalista desenvolveu sua carreira dentro do mundo da informa\u00e7\u00e3o esportiva, com especial aten\u00e7\u00e3o ao mundo do futebol e seus principais atores, ou seja, treinadores e jogadores de futebol.<\/p>\n","protected":false},"excerpt":{"rendered":"<p>Agora completo, o g\u00eanio do futebol \u00e9 retratado neste livro pela vis\u00e3o daqueles que mais estiveram perto e sempre souberam&hellip;<\/p>\n","protected":false},"featured_media":328577,"comment_status":"open","ping_status":"closed","template":"","meta":[],"product_cat":[153,134],"product_tag":[],"_links":{"self":[{"href":"https:\/\/www.livrariarema.com.br\/loja\/wp-json\/wp\/v2\/product\/328359"}],"collection":[{"href":"https:\/\/www.livrariarema.com.br\/loja\/wp-json\/wp\/v2\/product"}],"about":[{"href":"https:\/\/www.livrariarema.com.br\/loja\/wp-json\/wp\/v2\/types\/product"}],"replies":[{"embeddable":true,"href":"https:\/\/www.livrariarema.com.br\/loja\/wp-json\/wp\/v2\/comments?post=328359"}],"wp:featuredmedia":[{"embeddable":true,"href":"https:\/\/www.livrariarema.com.br\/loja\/wp-json\/wp\/v2\/media\/328577"}],"wp:attachment":[{"href":"https:\/\/www.livrariarema.com.br\/loja\/wp-json\/wp\/v2\/media?parent=328359"}],"wp:term":[{"taxonomy":"product_cat","embeddable":true,"href":"https:\/\/www.livrariarema.com.br\/loja\/wp-json\/wp\/v2\/product_cat?post=328359"},{"taxonomy":"product_tag","embeddable":true,"href":"https:\/\/www.livrariarema.com.br\/loja\/wp-json\/wp\/v2\/product_tag?post=328359"}],"curies":[{"name":"wp","href":"https:\/\/api.w.org\/{rel}","templated":true}]}}