{"id":328361,"date":"2025-03-13T16:48:19","date_gmt":"2025-03-13T19:48:19","guid":{"rendered":"https:\/\/www.livrariarema.com.br\/loja\/produtos\/sem%20categoria\/o-valor-das-pessoas-gestao-humanizada-sandro-gonzalez\/"},"modified":"2025-11-13T15:30:59","modified_gmt":"2025-11-13T18:30:59","slug":"o-valor-das-pessoas-gestao-humanizada-sandro-gonzalez","status":"publish","type":"product","link":"https:\/\/www.livrariarema.com.br\/loja\/produtos\/livros\/lideranca\/o-valor-das-pessoas-gestao-humanizada-sandro-gonzalez\/","title":{"rendered":"O Valor Das Pessoas &#8211; Gest\u00e3o Humanizada &#8211; Sandro Gonzalez"},"content":{"rendered":"<p>Em um mundo em que o empreendedorismo tem crescido exponencialmente, \u00e9 dif\u00edcil encontrarmos modelos de lideran\u00e7a que nos inspiram e nos incentivam a um trabalho centrado em pessoas, sem perder de vista o lucro. Com dezenas de pr\u00eamios e diversos anos de experi\u00eancia \u00e0 frente de uma das maiores empresas de transporte do pa\u00eds, a Transpes, Sandro traz nesta obra uma vis\u00e3o humanizada e diferenciada sobre o que \u00e9 liderar e a melhor forma de gerir pessoas.<br \/>\nCom uma linguagem acess\u00edvel, O valor das pessoas traz o que realmente importa quando falamos em crescimento saud\u00e1vel. A Transpes foi eleita em 2016 a &#8220;Empresa do Ano&#8221; no &#8220;Guia Voc\u00ea SA &#8211; As 150 melhores empresas para voc\u00ea trabalhar&#8221;. Em 20 anos de pr\u00eamio, \u00e9 a primeira vez que uma empresa alcan\u00e7a nota m\u00e1xima em todas as categorias de \u00cdndice de Qualidade no Ambiente de Trabalho (IQAT). Na mesma pesquisa, Sandro Gonzalez recebeu o pr\u00eamio de CEO mais admirado do Brasil, e a Transpes foi eleita a melhor empresa do setor de Log\u00edstica e Transporte.<\/p>\n","protected":false},"excerpt":{"rendered":"<p>Em um mundo em que o empreendedorismo tem crescido exponencialmente, \u00e9 dif\u00edcil encontrarmos modelos de lideran\u00e7a que nos inspiram e&hellip;<\/p>\n","protected":false},"featured_media":328578,"comment_status":"open","ping_status":"closed","template":"","meta":[],"product_cat":[153,134],"product_tag":[],"_links":{"self":[{"href":"https:\/\/www.livrariarema.com.br\/loja\/wp-json\/wp\/v2\/product\/328361"}],"collection":[{"href":"https:\/\/www.livrariarema.com.br\/loja\/wp-json\/wp\/v2\/product"}],"about":[{"href":"https:\/\/www.livrariarema.com.br\/loja\/wp-json\/wp\/v2\/types\/product"}],"replies":[{"embeddable":true,"href":"https:\/\/www.livrariarema.com.br\/loja\/wp-json\/wp\/v2\/comments?post=328361"}],"wp:featuredmedia":[{"embeddable":true,"href":"https:\/\/www.livrariarema.com.br\/loja\/wp-json\/wp\/v2\/media\/328578"}],"wp:attachment":[{"href":"https:\/\/www.livrariarema.com.br\/loja\/wp-json\/wp\/v2\/media?parent=328361"}],"wp:term":[{"taxonomy":"product_cat","embeddable":true,"href":"https:\/\/www.livrariarema.com.br\/loja\/wp-json\/wp\/v2\/product_cat?post=328361"},{"taxonomy":"product_tag","embeddable":true,"href":"https:\/\/www.livrariarema.com.br\/loja\/wp-json\/wp\/v2\/product_tag?post=328361"}],"curies":[{"name":"wp","href":"https:\/\/api.w.org\/{rel}","templated":true}]}}