{"id":328363,"date":"2025-03-13T16:48:25","date_gmt":"2025-03-13T19:48:25","guid":{"rendered":"https:\/\/www.livrariarema.com.br\/loja\/produtos\/sem categoria\/e-ai-medo-diga-adeus-a-zona-de-conforto-e-atinja-seu-potencial-maximo-michelle-poler\/"},"modified":"2025-05-10T17:20:10","modified_gmt":"2025-05-10T20:20:10","slug":"e-ai-medo-diga-adeus-a-zona-de-conforto-e-atinja-seu-potencial-maximo-michelle-poler","status":"publish","type":"product","link":"https:\/\/www.livrariarema.com.br\/loja\/produtos\/livros\/lideranca\/e-ai-medo-diga-adeus-a-zona-de-conforto-e-atinja-seu-potencial-maximo-michelle-poler\/","title":{"rendered":"E A\u00ed, Medo? &#8211; Diga Adeus A Zona De Conforto E Atinja Seu Potencial M\u00e1ximo &#8211; Michelle Poler"},"content":{"rendered":"<p>Neste livro inspirador e motivador, Michelle Poler, fundadora do movimento social E a\u00ed, Medo?, desafia voc\u00ea a dizer para seus medos E a\u00ed? e encontrar a verdadeira felicidade fora do conceito tradicional de sucesso, vivendo com coragem e explorando todo o seu potencial. Com ousadia e uma pitada de humor, Michelle relata em detalhes cada obst\u00e1culo que encontrou em sua alegre jornada em busca de um prop\u00f3sito. Suas hist\u00f3rias e estrat\u00e9gias nos incentivam a identificar, aceitar e abra\u00e7ar o que nos impede de prosseguir para que nos tornemos o her\u00f3i, n\u00e3o a v\u00edtima, da nossa pr\u00f3pria vida. E a\u00ed, Medo? \u00e9 um guia honesto e enriquecedor que nos ensina a conviver com nossos fantasmas. Por tr\u00e1s do medo, est\u00e1 o que mais importa para n\u00f3s; por isso, cada desafio \u00e9 uma nova oportunidade de crescer, avan\u00e7ar e assumir quem voc\u00ea realmente \u00e9.<\/p>\n<p>Nascida e criada em Caracas, Venezuela, MICHELLE POLER \u00e9 palestrante, empreendedora social, estrategista de marcas e uma pessoa que enfrenta seus medos de forma criativa e apaixonada.Gra\u00e7as \u00e0 sua iniciativa de enfrentar o medo, Michelle chegou ao palco do TEDx, uma decis\u00e3o que marcou o in\u00edcio de sua carreira de palestrante. Desde ent\u00e3o, j\u00e1 deu palestras em diversas empresas, al\u00e9m de inspirar mais de 150 mil alunos de escolas e organiza\u00e7\u00f5es de lideran\u00e7a em todo o mundo.<\/p>\n","protected":false},"excerpt":{"rendered":"<p>Neste livro inspirador e motivador, Michelle Poler, fundadora do movimento social E a\u00ed, Medo?, desafia voc\u00ea a dizer para seus&hellip;<\/p>\n","protected":false},"featured_media":328579,"comment_status":"open","ping_status":"closed","template":"","meta":[],"product_cat":[153,134],"product_tag":[],"_links":{"self":[{"href":"https:\/\/www.livrariarema.com.br\/loja\/wp-json\/wp\/v2\/product\/328363"}],"collection":[{"href":"https:\/\/www.livrariarema.com.br\/loja\/wp-json\/wp\/v2\/product"}],"about":[{"href":"https:\/\/www.livrariarema.com.br\/loja\/wp-json\/wp\/v2\/types\/product"}],"replies":[{"embeddable":true,"href":"https:\/\/www.livrariarema.com.br\/loja\/wp-json\/wp\/v2\/comments?post=328363"}],"wp:featuredmedia":[{"embeddable":true,"href":"https:\/\/www.livrariarema.com.br\/loja\/wp-json\/wp\/v2\/media\/328579"}],"wp:attachment":[{"href":"https:\/\/www.livrariarema.com.br\/loja\/wp-json\/wp\/v2\/media?parent=328363"}],"wp:term":[{"taxonomy":"product_cat","embeddable":true,"href":"https:\/\/www.livrariarema.com.br\/loja\/wp-json\/wp\/v2\/product_cat?post=328363"},{"taxonomy":"product_tag","embeddable":true,"href":"https:\/\/www.livrariarema.com.br\/loja\/wp-json\/wp\/v2\/product_tag?post=328363"}],"curies":[{"name":"wp","href":"https:\/\/api.w.org\/{rel}","templated":true}]}}