{"id":328380,"date":"2025-03-13T16:50:25","date_gmt":"2025-03-13T19:50:25","guid":{"rendered":"https:\/\/www.livrariarema.com.br\/loja\/produtos\/sem categoria\/balsamus-o-lobo-de-um-olho-so-karolyne-rocha\/"},"modified":"2026-04-01T12:51:53","modified_gmt":"2026-04-01T15:51:53","slug":"balsamus-o-lobo-de-um-olho-so-karolyne-rocha","status":"publish","type":"product","link":"https:\/\/www.livrariarema.com.br\/loja\/produtos\/livros\/manga-hq\/balsamus-o-lobo-de-um-olho-so-karolyne-rocha\/","title":{"rendered":"Balsamus &#8211; O Lobo De Um Olho S\u00f3 &#8211; Karolyne Rocha"},"content":{"rendered":"<p>Em uma \u00e9poca em que o mundo era dominado pela tirania romana, a esperan\u00e7a por liberdade parecia imposs\u00edvel para os povos oprimidos do m\u00e9dio oriente. Em busca de alternativas para garantir a sobreviv\u00eancia de seu povo, Reithan, o impiedoso pr\u00edncipe de Anraabi e l\u00edder dos lend\u00e1rios guerreiros Kayhans, aceita fazer o trabalho sujo para os romanos. Criado com muita rigidez pelo pai, Reithan \u00e9 atormentado por traumas e por uma terr\u00edvel maldi\u00e7\u00e3o.<br \/>\nEm meio \u00e0s areias escaldantes do deserto, Reithan enfrentar\u00e1 perigos mortais, trai\u00e7\u00f5es e a sombra de seu passado sombrio, enquanto embarca em<br \/>\numa jornada em busca de um m\u00edtico B\u00e1lsamo que pode ter o poder de curar suas feridas f\u00edsicas e espirituais. Balsamus: O lobo de um olho s\u00f3 \u00e9 o primeiro volume de uma saga de aventura, reden\u00e7\u00e3o e esperan\u00e7a.<\/p>\n","protected":false},"excerpt":{"rendered":"<p>Em uma \u00e9poca em que o mundo era dominado pela tirania romana, a esperan\u00e7a por liberdade parecia imposs\u00edvel para os&hellip;<\/p>\n","protected":false},"featured_media":345418,"comment_status":"open","ping_status":"closed","template":"","meta":[],"product_cat":[134,189],"product_tag":[],"_links":{"self":[{"href":"https:\/\/www.livrariarema.com.br\/loja\/wp-json\/wp\/v2\/product\/328380"}],"collection":[{"href":"https:\/\/www.livrariarema.com.br\/loja\/wp-json\/wp\/v2\/product"}],"about":[{"href":"https:\/\/www.livrariarema.com.br\/loja\/wp-json\/wp\/v2\/types\/product"}],"replies":[{"embeddable":true,"href":"https:\/\/www.livrariarema.com.br\/loja\/wp-json\/wp\/v2\/comments?post=328380"}],"wp:featuredmedia":[{"embeddable":true,"href":"https:\/\/www.livrariarema.com.br\/loja\/wp-json\/wp\/v2\/media\/345418"}],"wp:attachment":[{"href":"https:\/\/www.livrariarema.com.br\/loja\/wp-json\/wp\/v2\/media?parent=328380"}],"wp:term":[{"taxonomy":"product_cat","embeddable":true,"href":"https:\/\/www.livrariarema.com.br\/loja\/wp-json\/wp\/v2\/product_cat?post=328380"},{"taxonomy":"product_tag","embeddable":true,"href":"https:\/\/www.livrariarema.com.br\/loja\/wp-json\/wp\/v2\/product_tag?post=328380"}],"curies":[{"name":"wp","href":"https:\/\/api.w.org\/{rel}","templated":true}]}}