{"id":328385,"date":"2025-03-13T16:50:43","date_gmt":"2025-03-13T19:50:43","guid":{"rendered":"https:\/\/www.livrariarema.com.br\/loja\/produtos\/sem categoria\/termine-a-alegria-de-acabar-o-que-voce-comeca-jon-acuff\/"},"modified":"2025-03-17T14:18:09","modified_gmt":"2025-03-17T17:18:09","slug":"termine-a-alegria-de-acabar-o-que-voce-comeca-jon-acuff","status":"publish","type":"product","link":"https:\/\/www.livrariarema.com.br\/loja\/produtos\/livros\/lideranca\/termine-a-alegria-de-acabar-o-que-voce-comeca-jon-acuff\/","title":{"rendered":"Termine &#8211; A Alegria De Acabar O Que Voc\u00ea Come\u00e7a &#8211; Jon Acuff"},"content":{"rendered":"<p>Se voc\u00ea est\u00e1 cansado de ser um iniciador cr\u00f4nico e deseja se tornar um finalizador consistente, tem duas op\u00e7\u00f5es: continuar a se cobrar cada vez mais, ou dar-se o presente de concluir seus objetivos.<br \/>\nJon Acuff, enquanto ministrava um curso online de trinta dias para ajudar as pessoas a atingirem seus objetivos, aprendeu que os exerc\u00edcios mais eficazes n\u00e3o eram aqueles que conduziam a esfor\u00e7os maiores, mas os que aliviavam a press\u00e3o. O autor, ent\u00e3o, compreendeu que o obst\u00e1culo mais trai\u00e7oeiro n\u00e3o \u00e9 a pregui\u00e7a, e sim o perfeccionismo.<br \/>\nAs estrat\u00e9gias de Termine s\u00e3o contra intuitivas e podem parecer trapa\u00e7a. <br \/>\nEntretanto, s\u00e3o baseadas em estudos, com centenas de participantes, conduzidos por um pesquisador. Voc\u00ea pode pensar que se divertir, eliminar regras secretas e escolher algo para falhar intencionalmente n\u00e3o funciona. Os dados, por\u00e9m, apontam o contr\u00e1rio. As pessoas que se divertem s\u00e3o 43% mais bem-sucedidas.<br \/>\nDivirta-se e Termine aquilo que se prop\u00f5e a fazer!<\/p>\n","protected":false},"excerpt":{"rendered":"<p>Se voc\u00ea est\u00e1 cansado de ser um iniciador cr\u00f4nico e deseja se tornar um finalizador consistente, tem duas op\u00e7\u00f5es: continuar&hellip;<\/p>\n","protected":false},"featured_media":328568,"comment_status":"open","ping_status":"closed","template":"","meta":[],"product_cat":[153,134],"product_tag":[],"_links":{"self":[{"href":"https:\/\/www.livrariarema.com.br\/loja\/wp-json\/wp\/v2\/product\/328385"}],"collection":[{"href":"https:\/\/www.livrariarema.com.br\/loja\/wp-json\/wp\/v2\/product"}],"about":[{"href":"https:\/\/www.livrariarema.com.br\/loja\/wp-json\/wp\/v2\/types\/product"}],"replies":[{"embeddable":true,"href":"https:\/\/www.livrariarema.com.br\/loja\/wp-json\/wp\/v2\/comments?post=328385"}],"wp:featuredmedia":[{"embeddable":true,"href":"https:\/\/www.livrariarema.com.br\/loja\/wp-json\/wp\/v2\/media\/328568"}],"wp:attachment":[{"href":"https:\/\/www.livrariarema.com.br\/loja\/wp-json\/wp\/v2\/media?parent=328385"}],"wp:term":[{"taxonomy":"product_cat","embeddable":true,"href":"https:\/\/www.livrariarema.com.br\/loja\/wp-json\/wp\/v2\/product_cat?post=328385"},{"taxonomy":"product_tag","embeddable":true,"href":"https:\/\/www.livrariarema.com.br\/loja\/wp-json\/wp\/v2\/product_tag?post=328385"}],"curies":[{"name":"wp","href":"https:\/\/api.w.org\/{rel}","templated":true}]}}