{"id":328387,"date":"2025-03-13T16:50:48","date_gmt":"2025-03-13T19:50:48","guid":{"rendered":"https:\/\/www.livrariarema.com.br\/loja\/produtos\/sem categoria\/motivacao-brian-tracy\/"},"modified":"2025-03-17T14:18:17","modified_gmt":"2025-03-17T17:18:17","slug":"motivacao-brian-tracy","status":"publish","type":"product","link":"https:\/\/www.livrariarema.com.br\/loja\/produtos\/livros\/lideranca\/motivacao-brian-tracy\/","title":{"rendered":"Motiva\u00e7\u00e3o &#8211; Brian Tracy"},"content":{"rendered":"<p>Em Motiva\u00e7\u00e3o, o especialista em sucesso Brian Tracy baseia-se em d\u00e9cadas de experi\u00eancia, real\u00e7ando o melhor j\u00e1 visto ao fornecer 21 dos m\u00e9todos mais r\u00e1pidos e poderosos descobertos para aumentar a efic\u00e1cia de qualquer indiv\u00edduo ou grupo. \u00c9 bem prov\u00e1vel que voc\u00ea j\u00e1 tenha a equipe que precisa para levar sua empresa ao pr\u00f3ximo n\u00edvel de sucesso. Os funcion\u00e1rios est\u00e3o apenas esperando que algu\u00e9m apare\u00e7a para inspir\u00e1-los \u00e0 grandeza. Repleto de ferramentas e estrat\u00e9gias comprovadas, este guia essencial ajuda qualquer gerente a aplicar uma inje\u00e7\u00e3o de adrenalina diretamente no cora\u00e7\u00e3o da equipe de trabalho<\/p>\n","protected":false},"excerpt":{"rendered":"<p>Em Motiva\u00e7\u00e3o, o especialista em sucesso Brian Tracy baseia-se em d\u00e9cadas de experi\u00eancia, real\u00e7ando o melhor j\u00e1 visto ao fornecer&hellip;<\/p>\n","protected":false},"featured_media":328569,"comment_status":"open","ping_status":"closed","template":"","meta":[],"product_cat":[153,134],"product_tag":[],"_links":{"self":[{"href":"https:\/\/www.livrariarema.com.br\/loja\/wp-json\/wp\/v2\/product\/328387"}],"collection":[{"href":"https:\/\/www.livrariarema.com.br\/loja\/wp-json\/wp\/v2\/product"}],"about":[{"href":"https:\/\/www.livrariarema.com.br\/loja\/wp-json\/wp\/v2\/types\/product"}],"replies":[{"embeddable":true,"href":"https:\/\/www.livrariarema.com.br\/loja\/wp-json\/wp\/v2\/comments?post=328387"}],"wp:featuredmedia":[{"embeddable":true,"href":"https:\/\/www.livrariarema.com.br\/loja\/wp-json\/wp\/v2\/media\/328569"}],"wp:attachment":[{"href":"https:\/\/www.livrariarema.com.br\/loja\/wp-json\/wp\/v2\/media?parent=328387"}],"wp:term":[{"taxonomy":"product_cat","embeddable":true,"href":"https:\/\/www.livrariarema.com.br\/loja\/wp-json\/wp\/v2\/product_cat?post=328387"},{"taxonomy":"product_tag","embeddable":true,"href":"https:\/\/www.livrariarema.com.br\/loja\/wp-json\/wp\/v2\/product_tag?post=328387"}],"curies":[{"name":"wp","href":"https:\/\/api.w.org\/{rel}","templated":true}]}}