{"id":328389,"date":"2025-03-13T16:50:54","date_gmt":"2025-03-13T19:50:54","guid":{"rendered":"https:\/\/www.livrariarema.com.br\/loja\/produtos\/sem categoria\/sete-minutos-para-aumentar-sua-produtividade-john-brandon\/"},"modified":"2025-12-19T15:21:20","modified_gmt":"2025-12-19T18:21:20","slug":"sete-minutos-para-aumentar-sua-produtividade-john-brandon","status":"publish","type":"product","link":"https:\/\/www.livrariarema.com.br\/loja\/produtos\/livros\/lideranca\/sete-minutos-para-aumentar-sua-produtividade-john-brandon\/","title":{"rendered":"Sete Minutos Para Aumentar Sua Produtividade &#8211; John Brandon"},"content":{"rendered":"<p>VOC\u00ca S\u00d3 PRECISA DE SETE MINUTOS PARA TRANSFORMAR SUA VIDA! Dias produtivos n\u00e3o acontecem por acaso. Eles s\u00e3o resultado do abandono de h\u00e1bitos que n\u00e3o funcionam e do desenvolvimento de h\u00e1bitos realmente \u00fateis. Com seu comprovado m\u00e9todo de sete minutos, o especialista em produtividade John Brandon revela como diminuir radicalmente as distra\u00e7\u00f5es digitais e renovar sua rotina para obter maior foco, efici\u00eancia e resultado. Com base em estudos aprofundados, o autor prop\u00f5e a produtividade com prop\u00f3sito por meio de a\u00e7\u00f5es simples e eficazes, como:<Br><br \/>\n&#8211; Come\u00e7ar o dia bem.<Br><br \/>\n&#8211; Administrar a agenda.<Br><br \/>\n&#8211; Parar de verificar obsessivamente e-mails e redes sociais.<Br><br \/>\n&#8211; Fazer pausas efetivas.<Br><br \/>\n&#8211; Criar apresenta\u00e7\u00f5es cativantes.<Br><br \/>\n<Br><br \/>\nPare de reagir impulsivamente a qualquer situa\u00e7\u00e3o e comece a gerenciar seu tempo para alcan\u00e7ar o impacto m\u00e1ximo! Voc\u00ea est\u00e1 a apenas Sete minutos para aumentar sua produtividade.<Br><\/p>\n","protected":false},"excerpt":{"rendered":"<p>VOC\u00ca S\u00d3 PRECISA DE SETE MINUTOS PARA TRANSFORMAR SUA VIDA! Dias produtivos n\u00e3o acontecem por acaso. Eles s\u00e3o resultado do&hellip;<\/p>\n","protected":false},"featured_media":332998,"comment_status":"open","ping_status":"closed","template":"","meta":[],"product_cat":[153,134],"product_tag":[],"_links":{"self":[{"href":"https:\/\/www.livrariarema.com.br\/loja\/wp-json\/wp\/v2\/product\/328389"}],"collection":[{"href":"https:\/\/www.livrariarema.com.br\/loja\/wp-json\/wp\/v2\/product"}],"about":[{"href":"https:\/\/www.livrariarema.com.br\/loja\/wp-json\/wp\/v2\/types\/product"}],"replies":[{"embeddable":true,"href":"https:\/\/www.livrariarema.com.br\/loja\/wp-json\/wp\/v2\/comments?post=328389"}],"wp:featuredmedia":[{"embeddable":true,"href":"https:\/\/www.livrariarema.com.br\/loja\/wp-json\/wp\/v2\/media\/332998"}],"wp:attachment":[{"href":"https:\/\/www.livrariarema.com.br\/loja\/wp-json\/wp\/v2\/media?parent=328389"}],"wp:term":[{"taxonomy":"product_cat","embeddable":true,"href":"https:\/\/www.livrariarema.com.br\/loja\/wp-json\/wp\/v2\/product_cat?post=328389"},{"taxonomy":"product_tag","embeddable":true,"href":"https:\/\/www.livrariarema.com.br\/loja\/wp-json\/wp\/v2\/product_tag?post=328389"}],"curies":[{"name":"wp","href":"https:\/\/api.w.org\/{rel}","templated":true}]}}