{"id":328391,"date":"2025-03-13T16:50:59","date_gmt":"2025-03-13T19:50:59","guid":{"rendered":"https:\/\/www.livrariarema.com.br\/loja\/produtos\/sem categoria\/sucesso-pessoal-brian-tracy\/"},"modified":"2025-03-17T14:23:39","modified_gmt":"2025-03-17T17:23:39","slug":"sucesso-pessoal-brian-tracy","status":"publish","type":"product","link":"https:\/\/www.livrariarema.com.br\/loja\/produtos\/livros\/lideranca\/sucesso-pessoal-brian-tracy\/","title":{"rendered":"Sucesso Pessoal &#8211; Brian Tracy"},"content":{"rendered":"<p>DESTAQUE-SE E ALCANCE O SUCESSO PESSOAL!<\/p>\n<p>Neste livro, Brian Tracy revela que as chaves para o sucesso est\u00e1 nos pequenos ajustes de perspectiva e comportamento. Em Sucesso pessoal, Tracy apresenta um plano simples e claro para que todos possam liberar seu potencial e alcan\u00e7ar o sucesso que antes pensavam ser inalcan\u00e7\u00e1vel, o autor aborda pontos como:<br \/>\n&#8211; Mudar a mentalidade para atrair oportunidades<br \/>\n&#8211; Banir as cren\u00e7as autolimitantes<br \/>\n&#8211; Construir a autoconfian\u00e7a<br \/>\n&#8211; Praticar a coragem para correr riscos<br \/>\n&#8211; Aperfei\u00e7oar a intui\u00e7\u00e3o<br \/>\n&#8211; Aprimorar continuamente as habilidades<\/p>\n","protected":false},"excerpt":{"rendered":"<p>DESTAQUE-SE E ALCANCE O SUCESSO PESSOAL! Neste livro, Brian Tracy revela que as chaves para o sucesso est\u00e1 nos pequenos&hellip;<\/p>\n","protected":false},"featured_media":328586,"comment_status":"open","ping_status":"closed","template":"","meta":[],"product_cat":[153,134],"product_tag":[],"_links":{"self":[{"href":"https:\/\/www.livrariarema.com.br\/loja\/wp-json\/wp\/v2\/product\/328391"}],"collection":[{"href":"https:\/\/www.livrariarema.com.br\/loja\/wp-json\/wp\/v2\/product"}],"about":[{"href":"https:\/\/www.livrariarema.com.br\/loja\/wp-json\/wp\/v2\/types\/product"}],"replies":[{"embeddable":true,"href":"https:\/\/www.livrariarema.com.br\/loja\/wp-json\/wp\/v2\/comments?post=328391"}],"wp:featuredmedia":[{"embeddable":true,"href":"https:\/\/www.livrariarema.com.br\/loja\/wp-json\/wp\/v2\/media\/328586"}],"wp:attachment":[{"href":"https:\/\/www.livrariarema.com.br\/loja\/wp-json\/wp\/v2\/media?parent=328391"}],"wp:term":[{"taxonomy":"product_cat","embeddable":true,"href":"https:\/\/www.livrariarema.com.br\/loja\/wp-json\/wp\/v2\/product_cat?post=328391"},{"taxonomy":"product_tag","embeddable":true,"href":"https:\/\/www.livrariarema.com.br\/loja\/wp-json\/wp\/v2\/product_tag?post=328391"}],"curies":[{"name":"wp","href":"https:\/\/api.w.org\/{rel}","templated":true}]}}