{"id":328395,"date":"2025-03-13T16:51:11","date_gmt":"2025-03-13T19:51:11","guid":{"rendered":"https:\/\/www.livrariarema.com.br\/loja\/produtos\/sem categoria\/gerenciamento-de-tempo-brian-tracy\/"},"modified":"2026-01-28T12:08:37","modified_gmt":"2026-01-28T15:08:37","slug":"gerenciamento-de-tempo-brian-tracy","status":"publish","type":"product","link":"https:\/\/www.livrariarema.com.br\/loja\/produtos\/livros\/lideranca\/gerenciamento-de-tempo-brian-tracy\/","title":{"rendered":"Gerenciamento De Tempo &#8211; Brian Tracy"},"content":{"rendered":"<p>NESTE GUIA DE BOLSO, o autor de neg\u00f3cios e especialista em sucesso, Brian Tracy, revela 21 t\u00e9cnicas comprovadas sobre Gerenciamento de Tempo que podem ser aplicadas a fim de se obter duas ou mais horas produtivas em uma janela de 24 horas.<\/p>\n<p>Neste livro voc\u00ea aprender\u00e1 as ferramentas necess\u00e1rias para:<br \/>\n&#8211; Determinar o que delegar e o que eliminar<br \/>\n&#8211; Identificar as principais \u00e1reas de resultado<br \/>\n&#8211; Alocar tempo suficiente para responsabilidades de alta prioridade<br \/>\n&#8211; Como utilizar o Programa de Avalia\u00e7\u00e3o e T\u00e9cnicas de Revis\u00e3o<br \/>\n&#8211; Reunir tarefas semelhantes para preservar o foco e aproveitar ao m\u00e1ximo cada minuto<\/p>\n<p>Brian Tracy \u00e9 palestrante motivacional e CEO da Brian Tracy International, empresa especializada no treinamento e desenvolvimento individual e coletivo. J\u00e1 foi consultor para mais de mil empresas e realizou palestras e semin\u00e1rios para mais de 5 milh\u00f5es de pessoas nos Estados Unidos, Canad\u00e1 e outros 70 pa\u00edses. Al\u00e9m disso, atua nos ramos de economia, hist\u00f3ria, neg\u00f3cios, filosofia e psicologia h\u00e1 mais de trinta anos, e \u00e9 autor best-seller de mais de 70 livros. Brian \u00e9 casado com Barbara e tem quatro filhos.<\/p>\n","protected":false},"excerpt":{"rendered":"<p>NESTE GUIA DE BOLSO, o autor de neg\u00f3cios e especialista em sucesso, Brian Tracy, revela 21 t\u00e9cnicas comprovadas sobre Gerenciamento&hellip;<\/p>\n","protected":false},"featured_media":328588,"comment_status":"open","ping_status":"closed","template":"","meta":[],"product_cat":[153,134],"product_tag":[],"_links":{"self":[{"href":"https:\/\/www.livrariarema.com.br\/loja\/wp-json\/wp\/v2\/product\/328395"}],"collection":[{"href":"https:\/\/www.livrariarema.com.br\/loja\/wp-json\/wp\/v2\/product"}],"about":[{"href":"https:\/\/www.livrariarema.com.br\/loja\/wp-json\/wp\/v2\/types\/product"}],"replies":[{"embeddable":true,"href":"https:\/\/www.livrariarema.com.br\/loja\/wp-json\/wp\/v2\/comments?post=328395"}],"wp:featuredmedia":[{"embeddable":true,"href":"https:\/\/www.livrariarema.com.br\/loja\/wp-json\/wp\/v2\/media\/328588"}],"wp:attachment":[{"href":"https:\/\/www.livrariarema.com.br\/loja\/wp-json\/wp\/v2\/media?parent=328395"}],"wp:term":[{"taxonomy":"product_cat","embeddable":true,"href":"https:\/\/www.livrariarema.com.br\/loja\/wp-json\/wp\/v2\/product_cat?post=328395"},{"taxonomy":"product_tag","embeddable":true,"href":"https:\/\/www.livrariarema.com.br\/loja\/wp-json\/wp\/v2\/product_tag?post=328395"}],"curies":[{"name":"wp","href":"https:\/\/api.w.org\/{rel}","templated":true}]}}