{"id":328397,"date":"2025-03-13T16:51:16","date_gmt":"2025-03-13T19:51:16","guid":{"rendered":"https:\/\/www.livrariarema.com.br\/loja\/produtos\/sem%20categoria\/licoes-de-lideranca-de-um-campeao-kevin-daun-e-anne-mary-ciminelli\/"},"modified":"2026-02-11T16:51:00","modified_gmt":"2026-02-11T19:51:00","slug":"licoes-de-lideranca-de-um-campeao-kevin-daun-e-anne-mary-ciminelli","status":"publish","type":"product","link":"https:\/\/www.livrariarema.com.br\/loja\/produtos\/livros\/lideranca\/licoes-de-lideranca-de-um-campeao-kevin-daun-e-anne-mary-ciminelli\/","title":{"rendered":"Li\u00e7\u00f5es De Lideran\u00e7a De Um Campe\u00e3o &#8211; Kevin Daun E Anne Mary Ciminelli"},"content":{"rendered":"<p>Neste livro de leitura f\u00e1cil e divertida, os autores ir\u00e3o ajud\u00e1-lo a adquirir e praticar todas as habilidades de que voc\u00ea precisa para viver todo ano uma temporada de campe\u00e3o em sua carreira. Pr\u00e1tico e instrutivo, Li\u00e7\u00f5es de um campe\u00e3o \u00e9 o presente perfeito para qualquer pessoa que deseja progredir em sua voca\u00e7\u00e3o ou se espelhar em um dos l\u00edderes mais respeitados da atualidade!<\/p>\n<p>Cada cap\u00edtulo se concentra em uma das 12 li\u00e7\u00f5es de lideran\u00e7a extra\u00eddas da carreira de Brady e explica por que elas s\u00e3o importantes para sua vida e carreira. Nas se\u00e7\u00f5es &#8220;Executando a jogada&#8221;, os autores delineiam as melhores pr\u00e1ticas a serem aplicadas em seu local de trabalho, al\u00e9m de sugerir exerc\u00edcios destinados a desenvolver e fortalecer a habilidade do l\u00edder.<\/p>\n","protected":false},"excerpt":{"rendered":"<p>Neste livro de leitura f\u00e1cil e divertida, os autores ir\u00e3o ajud\u00e1-lo a adquirir e praticar todas as habilidades de que&hellip;<\/p>\n","protected":false},"featured_media":331842,"comment_status":"open","ping_status":"closed","template":"","meta":[],"product_cat":[153,134],"product_tag":[],"_links":{"self":[{"href":"https:\/\/www.livrariarema.com.br\/loja\/wp-json\/wp\/v2\/product\/328397"}],"collection":[{"href":"https:\/\/www.livrariarema.com.br\/loja\/wp-json\/wp\/v2\/product"}],"about":[{"href":"https:\/\/www.livrariarema.com.br\/loja\/wp-json\/wp\/v2\/types\/product"}],"replies":[{"embeddable":true,"href":"https:\/\/www.livrariarema.com.br\/loja\/wp-json\/wp\/v2\/comments?post=328397"}],"wp:featuredmedia":[{"embeddable":true,"href":"https:\/\/www.livrariarema.com.br\/loja\/wp-json\/wp\/v2\/media\/331842"}],"wp:attachment":[{"href":"https:\/\/www.livrariarema.com.br\/loja\/wp-json\/wp\/v2\/media?parent=328397"}],"wp:term":[{"taxonomy":"product_cat","embeddable":true,"href":"https:\/\/www.livrariarema.com.br\/loja\/wp-json\/wp\/v2\/product_cat?post=328397"},{"taxonomy":"product_tag","embeddable":true,"href":"https:\/\/www.livrariarema.com.br\/loja\/wp-json\/wp\/v2\/product_tag?post=328397"}],"curies":[{"name":"wp","href":"https:\/\/api.w.org\/{rel}","templated":true}]}}