{"id":328670,"date":"2025-03-21T21:22:32","date_gmt":"2025-03-22T00:22:32","guid":{"rendered":"https:\/\/www.livrariarema.com.br\/loja\/produtos\/sem categoria\/primeiro-o-escudo-depois-o-buque-lenara-padilha\/"},"modified":"2025-12-13T09:32:27","modified_gmt":"2025-12-13T12:32:27","slug":"primeiro-o-escudo-depois-o-buque-lenara-padilha","status":"publish","type":"product","link":"https:\/\/www.livrariarema.com.br\/loja\/produtos\/livros\/namoro-sexualidade\/primeiro-o-escudo-depois-o-buque-lenara-padilha\/","title":{"rendered":"Primeiro O Escudo, Depois O Buque &#8211; Lenara Padilha"},"content":{"rendered":"<p>Descubra o poder de empunhar o escudo da f\u00e9 e de viver uma hist\u00f3ria escrita pelo pr\u00f3prio Deus, em que o foco n\u00e3o \u00e9 encontrar o amor perfeito, e sim tornar-se algu\u00e9m completamente rendida ao amor dele. Voc\u00ea est\u00e1 pronta para esse desafio?<\/p>\n","protected":false},"excerpt":{"rendered":"<p>Descubra o poder de empunhar o escudo da f\u00e9 e de viver uma hist\u00f3ria escrita pelo pr\u00f3prio Deus, em que&hellip;<\/p>\n","protected":false},"featured_media":341074,"comment_status":"open","ping_status":"closed","template":"","meta":[],"product_cat":[134,203],"product_tag":[],"_links":{"self":[{"href":"https:\/\/www.livrariarema.com.br\/loja\/wp-json\/wp\/v2\/product\/328670"}],"collection":[{"href":"https:\/\/www.livrariarema.com.br\/loja\/wp-json\/wp\/v2\/product"}],"about":[{"href":"https:\/\/www.livrariarema.com.br\/loja\/wp-json\/wp\/v2\/types\/product"}],"replies":[{"embeddable":true,"href":"https:\/\/www.livrariarema.com.br\/loja\/wp-json\/wp\/v2\/comments?post=328670"}],"wp:featuredmedia":[{"embeddable":true,"href":"https:\/\/www.livrariarema.com.br\/loja\/wp-json\/wp\/v2\/media\/341074"}],"wp:attachment":[{"href":"https:\/\/www.livrariarema.com.br\/loja\/wp-json\/wp\/v2\/media?parent=328670"}],"wp:term":[{"taxonomy":"product_cat","embeddable":true,"href":"https:\/\/www.livrariarema.com.br\/loja\/wp-json\/wp\/v2\/product_cat?post=328670"},{"taxonomy":"product_tag","embeddable":true,"href":"https:\/\/www.livrariarema.com.br\/loja\/wp-json\/wp\/v2\/product_tag?post=328670"}],"curies":[{"name":"wp","href":"https:\/\/api.w.org\/{rel}","templated":true}]}}