{"id":328723,"date":"2025-03-23T13:15:50","date_gmt":"2025-03-23T16:15:50","guid":{"rendered":"https:\/\/www.livrariarema.com.br\/loja\/produtos\/sem categoria\/box-a-grande-jornada-do-pequeno-peregrino-vol-1-e-2-tyler-van-halteren\/"},"modified":"2026-03-20T11:46:16","modified_gmt":"2026-03-20T14:46:16","slug":"box-a-grande-jornada-do-pequeno-peregrino-vol-1-e-2-tyler-van-halteren","status":"publish","type":"product","link":"https:\/\/www.livrariarema.com.br\/loja\/produtos\/livros\/juvenil\/box-a-grande-jornada-do-pequeno-peregrino-vol-1-e-2-tyler-van-halteren\/","title":{"rendered":"Box A Grande Jornada Do Pequeno Peregrino &#8211; Vol. 1 E 2 &#8211; Tyler Van Halteren"},"content":{"rendered":"<p>Em 1661, um homem chamado John Bunyan foi preso por pregar a B\u00edblia. Naquela \u00e9poca, as pessoas n\u00e3o tinham permiss\u00e3o para ensinar livremente e precisavam obedecer \u00e0s regras do governo. John Bunyan poderia ter sido libertado se prometesse parar de pregar, entretanto n\u00e3o podia ficar calado sobre as verdades de Deus. Ele permaneceu na pris\u00e3o por 12 anos. Enfrentou grandes dificuldades. Entretanto, Deus tinha grandes planos para ele ali.<\/p>\n<p>Durante esse tempo na pris\u00e3o, John Bunyan escreveu O peregrino. Alguns amigos lhe disseram que era um livro de hist\u00f3rias bobo e que ele deveria jog\u00e1-lo fora. Mas ele o imprimiu assim mesmo. Para sua surpresa, o livro ficou famoso, e continua famoso at\u00e9 hoje. Na verdade, depois da B\u00edblia, O peregrino \u00e9 o livro mais publicado e traduzido do mundo.<\/p>\n<p>Este livro A grande jornada do pequeno peregrino \u00e9 baseado na narrativa atemporal de John Bunyan. Ele procura seguir de perto o enredo original, facilitando a leitura e a compreens\u00e3o das crian\u00e7as. Como O peregrino inspirou incont\u00e1veis gera\u00e7\u00f5es de crist\u00e3os, esperamos que estes livros inspirem muitos pequenos peregrinos a iniciar sua jornada rumo \u00e0 Cidade Celestial.<\/p>\n<p>A Parte I (228 p\u00e1ginas): segue a cl\u00e1ssica hist\u00f3ria de Crist\u00e3o em sua jornada da Cidade da Destrui\u00e7\u00e3o at\u00e9 a Cidade Celestial.<\/p>\n<p>A Parte II (234 p\u00e1ginas): \u00e9 a emocionante continua\u00e7\u00e3o, acompanhando a fam\u00edlia de Crist\u00e3o enquanto enfrentam novos desafios e aprendem valiosas li\u00e7\u00f5es ao longo do Caminho do Rei.<\/p>\n","protected":false},"excerpt":{"rendered":"<p>Em 1661, um homem chamado John Bunyan foi preso por pregar a B\u00edblia. Naquela \u00e9poca, as pessoas n\u00e3o tinham permiss\u00e3o&hellip;<\/p>\n","protected":false},"featured_media":346358,"comment_status":"open","ping_status":"closed","template":"","meta":[],"product_cat":[184,134],"product_tag":[],"_links":{"self":[{"href":"https:\/\/www.livrariarema.com.br\/loja\/wp-json\/wp\/v2\/product\/328723"}],"collection":[{"href":"https:\/\/www.livrariarema.com.br\/loja\/wp-json\/wp\/v2\/product"}],"about":[{"href":"https:\/\/www.livrariarema.com.br\/loja\/wp-json\/wp\/v2\/types\/product"}],"replies":[{"embeddable":true,"href":"https:\/\/www.livrariarema.com.br\/loja\/wp-json\/wp\/v2\/comments?post=328723"}],"wp:featuredmedia":[{"embeddable":true,"href":"https:\/\/www.livrariarema.com.br\/loja\/wp-json\/wp\/v2\/media\/346358"}],"wp:attachment":[{"href":"https:\/\/www.livrariarema.com.br\/loja\/wp-json\/wp\/v2\/media?parent=328723"}],"wp:term":[{"taxonomy":"product_cat","embeddable":true,"href":"https:\/\/www.livrariarema.com.br\/loja\/wp-json\/wp\/v2\/product_cat?post=328723"},{"taxonomy":"product_tag","embeddable":true,"href":"https:\/\/www.livrariarema.com.br\/loja\/wp-json\/wp\/v2\/product_tag?post=328723"}],"curies":[{"name":"wp","href":"https:\/\/api.w.org\/{rel}","templated":true}]}}