{"id":328729,"date":"2025-03-23T13:16:21","date_gmt":"2025-03-23T16:16:21","guid":{"rendered":"https:\/\/www.livrariarema.com.br\/loja\/produtos\/sem%20categoria\/box-elisabeth-elliot-vol-1-2-ellen-vaughn\/"},"modified":"2026-03-16T13:30:03","modified_gmt":"2026-03-16T16:30:03","slug":"box-elisabeth-elliot-vol-1-2-ellen-vaughn","status":"publish","type":"product","link":"https:\/\/www.livrariarema.com.br\/loja\/produtos\/livros\/biografia\/box-elisabeth-elliot-vol-1-2-ellen-vaughn\/","title":{"rendered":"Box Elisabeth Elliot &#8211; Vol. 1-2 &#8211; Ellen Vaughn"},"content":{"rendered":"<p>Em Moldada por Deus, a autora best-seller do New York Times, Ellen Vaughn, descreve os primeiros anos da hist\u00f3ria de Elisabeth Elliot como mission\u00e1ria, quando teve sua f\u00e9 forjada por Deus nos ventos da adversidade. O acesso aos di\u00e1rios n\u00e3o publicados de Elisabeth e a entrevistas francas com familiares e amigos ajudou Ellen a pintar, em detalhes, a surpreendente hist\u00f3- ria de Betty, como era conhecida pelos mais pr\u00f3ximos, uma mission\u00e1ria comum, que, em total submiss\u00e3o a Deus, buscou servir de forma perseverante. A quest\u00e3o central para ela n\u00e3o era Como determinada situa\u00e7\u00e3o me faz sentir?, mas, simplesmente, Isso \u00e9 verdade? Se sim, ent\u00e3o a pr\u00f3xima pergunta sempre era O que preciso fazer sobre isso para obedecer a Deus? Assim era Elisabeth e, ao nos aproximar de sua vida, Ellen Vaughn nos presenteia com o legado inestim\u00e1vel desta que se tornou uma das crist\u00e3s mais reconhecidas do s\u00e9culo XX.<\/p>\n<p>Em Usada por Deus, Ellen Vaughn tra\u00e7a a continuidade da hist\u00f3ria de Elisabeth Elliot, mostrando a transi\u00e7\u00e3o de uma jovem senhora que lidava com &#8220;certezas&#8221; para uma mulher que aprendera a viver com o desconhecido. Elen nos leva aos derradei- ros anos de viagem e escrita de Elisabeth, passando por seus dois \u00faltimos casamentos, sua forte personalidade, sua disposi\u00e7\u00e3o de enfrentar controv\u00e9rsias e, enfim, sua devastadora jornada por meio daquilo que ela mais temia: a perda de sua extraordin\u00e1ria capacidade mental. Totalmente submissa \u00e0 vontade de Deus, Elisabeth nos deixa ricas reflex\u00f5es ao revelar a forma simples e direta como enfrentava as lutas da vida. Com terna veracidade e sabedoria, Ellen nos aponta para Cristo ao lidar com os aspectos impressionantes e at\u00e9 vulner\u00e1veis da vida particular de Elisabeth, de forma a nos lembrar constantemente que h\u00e1 apenas um her\u00f3i que n\u00e3o nos decepciona.<\/p>\n","protected":false},"excerpt":{"rendered":"<p>Em Moldada por Deus, a autora best-seller do New York Times, Ellen Vaughn, descreve os primeiros anos da hist\u00f3ria de&hellip;<\/p>\n","protected":false},"featured_media":346311,"comment_status":"open","ping_status":"closed","template":"","meta":[],"product_cat":[181,134],"product_tag":[],"_links":{"self":[{"href":"https:\/\/www.livrariarema.com.br\/loja\/wp-json\/wp\/v2\/product\/328729"}],"collection":[{"href":"https:\/\/www.livrariarema.com.br\/loja\/wp-json\/wp\/v2\/product"}],"about":[{"href":"https:\/\/www.livrariarema.com.br\/loja\/wp-json\/wp\/v2\/types\/product"}],"replies":[{"embeddable":true,"href":"https:\/\/www.livrariarema.com.br\/loja\/wp-json\/wp\/v2\/comments?post=328729"}],"wp:featuredmedia":[{"embeddable":true,"href":"https:\/\/www.livrariarema.com.br\/loja\/wp-json\/wp\/v2\/media\/346311"}],"wp:attachment":[{"href":"https:\/\/www.livrariarema.com.br\/loja\/wp-json\/wp\/v2\/media?parent=328729"}],"wp:term":[{"taxonomy":"product_cat","embeddable":true,"href":"https:\/\/www.livrariarema.com.br\/loja\/wp-json\/wp\/v2\/product_cat?post=328729"},{"taxonomy":"product_tag","embeddable":true,"href":"https:\/\/www.livrariarema.com.br\/loja\/wp-json\/wp\/v2\/product_tag?post=328729"}],"curies":[{"name":"wp","href":"https:\/\/api.w.org\/{rel}","templated":true}]}}