{"id":328742,"date":"2025-03-23T13:17:25","date_gmt":"2025-03-23T16:17:25","guid":{"rendered":"https:\/\/www.livrariarema.com.br\/loja\/produtos\/sem categoria\/revolucao-kris-vallotton\/"},"modified":"2026-04-22T10:32:01","modified_gmt":"2026-04-22T13:32:01","slug":"revolucao-kris-vallotton","status":"publish","type":"product","link":"https:\/\/www.livrariarema.com.br\/loja\/produtos\/livros\/namoro-sexualidade\/revolucao-kris-vallotton\/","title":{"rendered":"Revolu\u00e7\u00e3o &#8211; Kris Vallotton"},"content":{"rendered":"<p>O papel de pai \u00e9 um dos pap\u00e9is mais importantes na vida de uma pessoa. No entanto, um n\u00famero sem precedentes de homens est\u00e1 abandonando esse nobre chamado. Como resultado, vemos o aumento da viol\u00eancia e da pobreza, fam\u00edlias desfeitas e uma gera\u00e7\u00e3o inteira perdida, imersa na imoralidade e na corrup\u00e7\u00e3o.<\/p>\n<p>Neste livro din\u00e2mico e poderoso, o autor de best-sellers, Kris Vallotton, revela que a guerra por esta quest\u00e3o cultural come\u00e7a com a batalha pelos cora\u00e7\u00f5es dos homens. Com paix\u00e3o e perspic\u00e1cia, ele d\u00e1 aos homens as ferramentas necess\u00e1rias para libertar todo o potencial de suas almas, erradicarem o esp\u00edrito de orfandade e assumirem plenamente seus destinos atribu\u00eddos por Deus.<\/p>\n<p>\u00c9 hora dos homens se tornarem poderosos novamente, restaurando fam\u00edlias desestruturadas e promovendo a vida em uma cultura de morte.<\/p>\n","protected":false},"excerpt":{"rendered":"<p>O papel de pai \u00e9 um dos pap\u00e9is mais importantes na vida de uma pessoa. No entanto, um n\u00famero sem&hellip;<\/p>\n","protected":false},"featured_media":347053,"comment_status":"open","ping_status":"closed","template":"","meta":[],"product_cat":[134,203],"product_tag":[],"_links":{"self":[{"href":"https:\/\/www.livrariarema.com.br\/loja\/wp-json\/wp\/v2\/product\/328742"}],"collection":[{"href":"https:\/\/www.livrariarema.com.br\/loja\/wp-json\/wp\/v2\/product"}],"about":[{"href":"https:\/\/www.livrariarema.com.br\/loja\/wp-json\/wp\/v2\/types\/product"}],"replies":[{"embeddable":true,"href":"https:\/\/www.livrariarema.com.br\/loja\/wp-json\/wp\/v2\/comments?post=328742"}],"wp:featuredmedia":[{"embeddable":true,"href":"https:\/\/www.livrariarema.com.br\/loja\/wp-json\/wp\/v2\/media\/347053"}],"wp:attachment":[{"href":"https:\/\/www.livrariarema.com.br\/loja\/wp-json\/wp\/v2\/media?parent=328742"}],"wp:term":[{"taxonomy":"product_cat","embeddable":true,"href":"https:\/\/www.livrariarema.com.br\/loja\/wp-json\/wp\/v2\/product_cat?post=328742"},{"taxonomy":"product_tag","embeddable":true,"href":"https:\/\/www.livrariarema.com.br\/loja\/wp-json\/wp\/v2\/product_tag?post=328742"}],"curies":[{"name":"wp","href":"https:\/\/api.w.org\/{rel}","templated":true}]}}