{"id":328746,"date":"2025-03-23T13:17:35","date_gmt":"2025-03-23T16:17:35","guid":{"rendered":"https:\/\/www.livrariarema.com.br\/loja\/produtos\/sem%20categoria\/o-grandioso-medico-o-metodo-de-jesus-ao-lidar-com-individuos-g-campbell-morgan\/"},"modified":"2026-04-20T18:11:08","modified_gmt":"2026-04-20T21:11:08","slug":"o-grandioso-medico-o-metodo-de-jesus-ao-lidar-com-individuos-g-campbell-morgan","status":"publish","type":"product","link":"https:\/\/www.livrariarema.com.br\/loja\/produtos\/livros\/crescimento-espiritual\/o-grandioso-medico-o-metodo-de-jesus-ao-lidar-com-individuos-g-campbell-morgan\/","title":{"rendered":"Grandioso M\u00e9dico, O: O M\u00e9todo De Jesus Ao Lidar Com Indiv\u00edduos &#8211; G. Campbell Morgan"},"content":{"rendered":"<p>Neste livro Campbell Morgan nos leva a contemplar e admirar o Senhor Jesus em seu sublime, profundo e eficaz trabalho. Esses estudos resultaram, em sua maioria, dos anos de trabalho em que o autor ministrou em confer\u00eancias nas cidades e vilas dos Estados Unidos. O nosso Senhor referiu-Se a seu trabalho como ao de um m\u00e9dico. A afirma\u00e7\u00e3o que Ele curava &#8220;toda sorte de doen\u00e7as e enfermidades&#8221; (Mt 4:23) aplica-se ao espiritual bem como ao mental e ao f\u00edsico. Em Suas pr\u00f3prias palavras em rela\u00e7\u00e3o a um poderoso trabalho de cura foram: &#8220;curei completamente um homem&#8221; (Jo 7:23). Nestas p\u00e1ginas teremos o privil\u00e9gio de contemplar o Grandioso M\u00e9dico em Seu encontro &#8211; em diferentes lugares, sob diversas circunst\u00e2ncias &#8211; com v\u00e1rios tipos de homens e de mulheres, e notar como Ele os tratou. Possamos, ent\u00e3o, \u00e9 observ\u00e1-lO reverentemente nesse trabalho, lembrando que Ele \u00e9 o mesmo, ontem, hoje, e para sempre.<\/p>\n","protected":false},"excerpt":{"rendered":"<p>Neste livro Campbell Morgan nos leva a contemplar e admirar o Senhor Jesus em seu sublime, profundo e eficaz trabalho.&hellip;<\/p>\n","protected":false},"featured_media":346936,"comment_status":"open","ping_status":"closed","template":"","meta":[],"product_cat":[147,134],"product_tag":[],"_links":{"self":[{"href":"https:\/\/www.livrariarema.com.br\/loja\/wp-json\/wp\/v2\/product\/328746"}],"collection":[{"href":"https:\/\/www.livrariarema.com.br\/loja\/wp-json\/wp\/v2\/product"}],"about":[{"href":"https:\/\/www.livrariarema.com.br\/loja\/wp-json\/wp\/v2\/types\/product"}],"replies":[{"embeddable":true,"href":"https:\/\/www.livrariarema.com.br\/loja\/wp-json\/wp\/v2\/comments?post=328746"}],"wp:featuredmedia":[{"embeddable":true,"href":"https:\/\/www.livrariarema.com.br\/loja\/wp-json\/wp\/v2\/media\/346936"}],"wp:attachment":[{"href":"https:\/\/www.livrariarema.com.br\/loja\/wp-json\/wp\/v2\/media?parent=328746"}],"wp:term":[{"taxonomy":"product_cat","embeddable":true,"href":"https:\/\/www.livrariarema.com.br\/loja\/wp-json\/wp\/v2\/product_cat?post=328746"},{"taxonomy":"product_tag","embeddable":true,"href":"https:\/\/www.livrariarema.com.br\/loja\/wp-json\/wp\/v2\/product_tag?post=328746"}],"curies":[{"name":"wp","href":"https:\/\/api.w.org\/{rel}","templated":true}]}}