{"id":328752,"date":"2025-03-23T13:18:16","date_gmt":"2025-03-23T16:18:16","guid":{"rendered":"https:\/\/www.livrariarema.com.br\/loja\/produtos\/sem categoria\/forca-e-feminilidade-rosana-salabai\/"},"modified":"2026-01-22T11:43:17","modified_gmt":"2026-01-22T14:43:17","slug":"forca-e-feminilidade-rosana-salabai","status":"publish","type":"product","link":"https:\/\/www.livrariarema.com.br\/loja\/produtos\/livros\/evangelismo-missoes\/forca-e-feminilidade-rosana-salabai\/","title":{"rendered":"For\u00e7a E Feminilidade &#8211; Rosana Salabai"},"content":{"rendered":"<p>A vida, o legado, a inspira\u00e7\u00e3o <\/p>\n<p>Este \u00e9, acima de tudo, um livro para seu crescimento espiritual. Um passeio pela hist\u00f3ria para encontrar na vida de mulheres reais do passado princ\u00edpios que ainda hoje devem nortear nossas vidas.<\/p>\n<p>O livro tira li\u00e7\u00f5es preciosas (e muito atuais) de 20 mulheres que nasceram entre os s\u00e9culos XV e XX: Katharina Von Bora, Argula Von Grumbach, Anna Zw\u00ednglio, Katharina Schutz Zell, Idelette de Bure Calvino, Philippine de Luns, Charlotte de Mornay, Marie Durand, Susanna Wesley, Sarah Edwards, Sarah Poulton Kalley, Catherine Booth, Susannah Spurgeon, Ann Judson, Emma Moody, Aimee Semple McPherson, Rosa Parks, Elisabeth Elliot, Ruth Bell Graham e Ruth Graham (Bunny).<\/p>\n<p>Em cada cap\u00edtulo, al\u00e9m dos fatos hist\u00f3ricos, voc\u00ea encontra uma abordagem b\u00edblica para medita\u00e7\u00e3o e ainda um desafio para escrever tamb\u00e9m sua hist\u00f3ria e legado. Voc\u00ea vai amar essa leitura!<\/p>\n<p>ROSANA SALABAI: Jornalista e Te\u00f3loga, com p\u00f3s-gradua\u00e7\u00e3o em Neuroci\u00eancias do Comportamento. Sua maior paix\u00e3o \u00e9 ministrar vidas. H\u00e1 mais de 10 anos se dedica \u00e0 mentoria de mulheres e tem outros 4 livros publicados sobre casamento e feminilidade. Casada com o Pr. Fabrizio Salabai h\u00e1 28 anos, tem uma lha, um genro e mora em Londrina (PR). <\/p>\n","protected":false},"excerpt":{"rendered":"<p>A vida, o legado, a inspira\u00e7\u00e3o Este \u00e9, acima de tudo, um livro para seu crescimento espiritual. Um passeio pela&hellip;<\/p>\n","protected":false},"featured_media":343044,"comment_status":"open","ping_status":"closed","template":"","meta":[],"product_cat":[204,134],"product_tag":[],"_links":{"self":[{"href":"https:\/\/www.livrariarema.com.br\/loja\/wp-json\/wp\/v2\/product\/328752"}],"collection":[{"href":"https:\/\/www.livrariarema.com.br\/loja\/wp-json\/wp\/v2\/product"}],"about":[{"href":"https:\/\/www.livrariarema.com.br\/loja\/wp-json\/wp\/v2\/types\/product"}],"replies":[{"embeddable":true,"href":"https:\/\/www.livrariarema.com.br\/loja\/wp-json\/wp\/v2\/comments?post=328752"}],"wp:featuredmedia":[{"embeddable":true,"href":"https:\/\/www.livrariarema.com.br\/loja\/wp-json\/wp\/v2\/media\/343044"}],"wp:attachment":[{"href":"https:\/\/www.livrariarema.com.br\/loja\/wp-json\/wp\/v2\/media?parent=328752"}],"wp:term":[{"taxonomy":"product_cat","embeddable":true,"href":"https:\/\/www.livrariarema.com.br\/loja\/wp-json\/wp\/v2\/product_cat?post=328752"},{"taxonomy":"product_tag","embeddable":true,"href":"https:\/\/www.livrariarema.com.br\/loja\/wp-json\/wp\/v2\/product_tag?post=328752"}],"curies":[{"name":"wp","href":"https:\/\/api.w.org\/{rel}","templated":true}]}}