{"id":328756,"date":"2025-03-23T13:18:29","date_gmt":"2025-03-23T16:18:29","guid":{"rendered":"https:\/\/www.livrariarema.com.br\/loja\/produtos\/sem categoria\/fala-galera-jesuscopy-douglas-goncalves\/"},"modified":"2025-05-08T14:30:26","modified_gmt":"2025-05-08T17:30:26","slug":"fala-galera-jesuscopy-douglas-goncalves","status":"publish","type":"product","link":"https:\/\/www.livrariarema.com.br\/loja\/produtos\/livros\/juvenil\/fala-galera-jesuscopy-douglas-goncalves\/","title":{"rendered":"Fala Galera Jesuscopy &#8211; Douglas Gon\u00e7alves"},"content":{"rendered":"<p>O plano de Deus sempre foi que n\u00f3s tiv\u00e9ssemos sua imagem e semelhan\u00e7a. O que distorceu o plano original para o homem foi o pecado. Por isso, a miss\u00e3o de Jesus na terra foi restaurar a imagem de Deus em n\u00f3s. Fala Galera Jesuscopy vai te ajudar\u00e1 a retornar ao plano original: tornar-se cada dia mais parecido com Jesus. S\u00e3o 50 dias refletindo sobre como ser uma c\u00f3pia de Cristo. Leia e compartilhe com todos.<br \/>\n<br \/>\nAUTOR<br \/>\nDouglas Gon\u00e7alves \u00e9 pastor da Fam\u00edlia JesusCopy em Bragan\u00e7a Paulista-SP. Idealizador e coordenador da mobiliza\u00e7\u00e3o online JesusCopy, \u00e9 psic\u00f3logo com especializa\u00e7\u00e3o em coaching. Casado com Val\u00e9ria, \u00e9 pai de Lu\u00edsa e Davi.<\/p>\n","protected":false},"excerpt":{"rendered":"<p>O plano de Deus sempre foi que n\u00f3s tiv\u00e9ssemos sua imagem e semelhan\u00e7a. O que distorceu o plano original para&hellip;<\/p>\n","protected":false},"featured_media":328978,"comment_status":"open","ping_status":"closed","template":"","meta":[],"product_cat":[184,134],"product_tag":[],"_links":{"self":[{"href":"https:\/\/www.livrariarema.com.br\/loja\/wp-json\/wp\/v2\/product\/328756"}],"collection":[{"href":"https:\/\/www.livrariarema.com.br\/loja\/wp-json\/wp\/v2\/product"}],"about":[{"href":"https:\/\/www.livrariarema.com.br\/loja\/wp-json\/wp\/v2\/types\/product"}],"replies":[{"embeddable":true,"href":"https:\/\/www.livrariarema.com.br\/loja\/wp-json\/wp\/v2\/comments?post=328756"}],"wp:featuredmedia":[{"embeddable":true,"href":"https:\/\/www.livrariarema.com.br\/loja\/wp-json\/wp\/v2\/media\/328978"}],"wp:attachment":[{"href":"https:\/\/www.livrariarema.com.br\/loja\/wp-json\/wp\/v2\/media?parent=328756"}],"wp:term":[{"taxonomy":"product_cat","embeddable":true,"href":"https:\/\/www.livrariarema.com.br\/loja\/wp-json\/wp\/v2\/product_cat?post=328756"},{"taxonomy":"product_tag","embeddable":true,"href":"https:\/\/www.livrariarema.com.br\/loja\/wp-json\/wp\/v2\/product_tag?post=328756"}],"curies":[{"name":"wp","href":"https:\/\/api.w.org\/{rel}","templated":true}]}}