{"id":328762,"date":"2025-03-23T14:36:37","date_gmt":"2025-03-23T17:36:37","guid":{"rendered":"https:\/\/www.livrariarema.com.br\/loja\/produtos\/sem categoria\/mare-alta-charles-martin\/"},"modified":"2026-01-08T16:50:42","modified_gmt":"2026-01-08T19:50:42","slug":"mare-alta-charles-martin","status":"publish","type":"product","link":"https:\/\/www.livrariarema.com.br\/loja\/produtos\/livros\/ficcao\/mare-alta-charles-martin\/","title":{"rendered":"Mare Alta &#8211; Charles Martin"},"content":{"rendered":"<p>UMA MISS\u00c3O DE RESGATE, UM PASSADO DOLOROSO E UMA JORNADA EM BUSCA DE REDEN\u00c7\u00c3O.<\/p>\n<p>MURPHY SHEPHERD \u00e9 um homem de muitos segredos. Marcado por cicatrizes profundas, ele \u00e9 movido pelo prop\u00f3sito inabal\u00e1vel de resgatar pessoas em perigo.<\/p>\n<p> Quando salva uma mulher \u00e0 deriva na costa da Fl\u00f3rida, ele descobre que a filha dela desapareceu em circunst\u00e2ncias suspeitas. Determinado a encontr\u00e1-la, Murphy se infiltra em um mundo sombrio e perigoso, enfrentando criminosos implac\u00e1veis e os fantasmas de seu pr\u00f3prio passado. Em uma corrida contra o tempo, ele precisa lutar por justi\u00e7a, liberdade e reden\u00e7\u00e3o, descobrindo que salvar uma vida pode ter seu pre\u00e7o &#8211; e nem sempre \u00e9 o que esperamos pagar. <br \/>\nCom uma narrativa que combina a\u00e7\u00e3o, mist\u00e9rio e reflex\u00f5es profundas sobre amor e coragem, Mar\u00e9 alta \u00e9 um convite para explorar o hero\u00edsmo em suas formas mais inesperadas. Uma obra inesquec\u00edvel de Charles Martin, autor best-seller do New York Times.<\/p>\n","protected":false},"excerpt":{"rendered":"<p>UMA MISS\u00c3O DE RESGATE, UM PASSADO DOLOROSO E UMA JORNADA EM BUSCA DE REDEN\u00c7\u00c3O. MURPHY SHEPHERD \u00e9 um homem de&hellip;<\/p>\n","protected":false},"featured_media":338977,"comment_status":"open","ping_status":"closed","template":"","meta":[],"product_cat":[162,134],"product_tag":[],"_links":{"self":[{"href":"https:\/\/www.livrariarema.com.br\/loja\/wp-json\/wp\/v2\/product\/328762"}],"collection":[{"href":"https:\/\/www.livrariarema.com.br\/loja\/wp-json\/wp\/v2\/product"}],"about":[{"href":"https:\/\/www.livrariarema.com.br\/loja\/wp-json\/wp\/v2\/types\/product"}],"replies":[{"embeddable":true,"href":"https:\/\/www.livrariarema.com.br\/loja\/wp-json\/wp\/v2\/comments?post=328762"}],"wp:featuredmedia":[{"embeddable":true,"href":"https:\/\/www.livrariarema.com.br\/loja\/wp-json\/wp\/v2\/media\/338977"}],"wp:attachment":[{"href":"https:\/\/www.livrariarema.com.br\/loja\/wp-json\/wp\/v2\/media?parent=328762"}],"wp:term":[{"taxonomy":"product_cat","embeddable":true,"href":"https:\/\/www.livrariarema.com.br\/loja\/wp-json\/wp\/v2\/product_cat?post=328762"},{"taxonomy":"product_tag","embeddable":true,"href":"https:\/\/www.livrariarema.com.br\/loja\/wp-json\/wp\/v2\/product_tag?post=328762"}],"curies":[{"name":"wp","href":"https:\/\/api.w.org\/{rel}","templated":true}]}}