{"id":328767,"date":"2025-03-23T14:37:28","date_gmt":"2025-03-23T17:37:28","guid":{"rendered":"https:\/\/www.livrariarema.com.br\/loja\/produtos\/sem categoria\/biblia-leitura-perfeita-nvi-letras-de-jesus-em-vermelho-timoteo\/"},"modified":"2025-10-25T11:51:57","modified_gmt":"2025-10-25T14:51:57","slug":"biblia-leitura-perfeita-nvi-letras-de-jesus-em-vermelho-timoteo","status":"publish","type":"product","link":"https:\/\/www.livrariarema.com.br\/loja\/produtos\/biblias\/nvi\/biblia-leitura-perfeita-nvi-letras-de-jesus-em-vermelho-timoteo\/","title":{"rendered":"B\u00edblia Leitura Perfeita &#8211; Nvi &#8211; Letras De Jesus Em Vermelho &#8211; Tim\u00f3teo"},"content":{"rendered":"<p>A B\u00edblia NVI com Letras de Jesus em vermelho Tim\u00f3teo \u00e9 a escolha perfeita para quem quer uma b\u00edblia moderna e vers\u00e1til, sem perder a sutileza. Com acabamento em Couro-soft sobre capa dura, esta b\u00edblia \u00e9 mais um lan\u00e7amento com qualidade Thomas Nelson Brasil.<\/p>\n<p>Na linguagem NVI (Nova Vers\u00e3o Internacional), baseada na precis\u00e3o e clareza, concedendo ao leitor uma vers\u00e3o fiel e contempor\u00e2nea do texto b\u00edblico, esta b\u00edblia conta, ainda, com as palavras de Jesus destacadas em vermelho.<\/p>\n<p>Nela, voc\u00ea encontrar\u00e1 a fonte Leitura Perfeita. Desenvolvida exclusivamente para a Thomas Nelson Brasil. Uma fonte singular, moderna, bonita, clara e leg\u00edvel, ao mesmo tempo em que integra os melhores avan\u00e7os em tipografia de b\u00edblias modernas. O resultado \u00e9 uma tipologia que traz total conforto na leitura em qualquer tamanho.<\/p>\n","protected":false},"excerpt":{"rendered":"<p>A B\u00edblia NVI com Letras de Jesus em vermelho Tim\u00f3teo \u00e9 a escolha perfeita para quem quer uma b\u00edblia moderna&hellip;<\/p>\n","protected":false},"featured_media":338972,"comment_status":"open","ping_status":"closed","template":"","meta":[],"product_cat":[139,166],"product_tag":[],"_links":{"self":[{"href":"https:\/\/www.livrariarema.com.br\/loja\/wp-json\/wp\/v2\/product\/328767"}],"collection":[{"href":"https:\/\/www.livrariarema.com.br\/loja\/wp-json\/wp\/v2\/product"}],"about":[{"href":"https:\/\/www.livrariarema.com.br\/loja\/wp-json\/wp\/v2\/types\/product"}],"replies":[{"embeddable":true,"href":"https:\/\/www.livrariarema.com.br\/loja\/wp-json\/wp\/v2\/comments?post=328767"}],"wp:featuredmedia":[{"embeddable":true,"href":"https:\/\/www.livrariarema.com.br\/loja\/wp-json\/wp\/v2\/media\/338972"}],"wp:attachment":[{"href":"https:\/\/www.livrariarema.com.br\/loja\/wp-json\/wp\/v2\/media?parent=328767"}],"wp:term":[{"taxonomy":"product_cat","embeddable":true,"href":"https:\/\/www.livrariarema.com.br\/loja\/wp-json\/wp\/v2\/product_cat?post=328767"},{"taxonomy":"product_tag","embeddable":true,"href":"https:\/\/www.livrariarema.com.br\/loja\/wp-json\/wp\/v2\/product_tag?post=328767"}],"curies":[{"name":"wp","href":"https:\/\/api.w.org\/{rel}","templated":true}]}}