{"id":328771,"date":"2025-03-23T14:37:39","date_gmt":"2025-03-23T17:37:39","guid":{"rendered":"https:\/\/www.livrariarema.com.br\/loja\/produtos\/sem categoria\/biblia-leitura-perfeita-nvi-referencia-barroca\/"},"modified":"2026-03-31T15:31:43","modified_gmt":"2026-03-31T18:31:43","slug":"biblia-leitura-perfeita-nvi-referencia-barroca","status":"publish","type":"product","link":"https:\/\/www.livrariarema.com.br\/loja\/produtos\/biblias\/nvi\/biblia-leitura-perfeita-nvi-referencia-barroca\/","title":{"rendered":"B\u00edblia Leitura Perfeita &#8211; Nvi &#8211; Refer\u00eancia &#8211; Barroca"},"content":{"rendered":"<p>De G\u00eanesis \u00e0 revela\u00e7\u00e3o do Apocalipse, a B\u00edblia \u00e9 um livro que nos conta apenas uma hist\u00f3ria: a do amor de Deus pela sua cria\u00e7\u00e3o. Tudo em sua narrativa aponta para o sacrif\u00edcio de Jesus e seu plano de reden\u00e7\u00e3o para n\u00f3s.<\/p>\n<p>A B\u00edblia NVI Refer\u00eancia te ajudar\u00e1 a visualizar as interliga\u00e7\u00f5es de acontecimentos, profecias e promessas que apresentam com maior clareza a salva\u00e7\u00e3o por meio de Cristo Jesus desde a cria\u00e7\u00e3o do mundo, trazendo \u00edndices e notas de refer\u00eancias cruzadas que apresentam as associa\u00e7\u00f5es de cada passagem b\u00edblica, para compreendermos de maneira profunda aquilo que Deus revelou \u00e0 humanidade.<\/p>\n<p>Esta B\u00edblia combina comodidade de leitura e beleza com recursos essenciais de pesquisa. \u00c9 agrad\u00e1vel para leitura e estudo di\u00e1rio, e com ela voc\u00ea pode acompanhar serm\u00f5es e aulas de escola b\u00edblica. Al\u00e9m de tudo, ela serve como um presente maravilhoso para qualquer pessoa interessada em se aprofundar na Palavra de Deus.<br \/>\nCada p\u00e1gina traz as mais importantes refer\u00eancias cruzadas de cada se\u00e7\u00e3o do texto b\u00edblico dispostas em dois blocos: o superior, vinculando-se \u00e0 coluna da esquerda, e o inferior, \u00e0 da direita. Desse modo, as refer\u00eancias s\u00e3o dispostas bem pr\u00f3ximo aos vers\u00edculos a que est\u00e3o relacionadas.<\/p>\n<p>Destacam-se os seguintes recursos e caracter\u00edsticas:<br \/>\n&#8211; Texto completo da recente revis\u00e3o de 2023 da Nova Vers\u00e3o Internacional.<br \/>\n&#8211; Palavras de Jesus em azul.<br \/>\n&#8211; Texto b\u00edblico organizado em par\u00e1grafos, com diagrama\u00e7\u00e3o pr\u00f3pria para textos po\u00e9ticos e di\u00e1logos assinalados com travess\u00f5es.<br \/>\n&#8211; Sistema completo de refer\u00eancias cruzadas usado na B\u00edblia de estudo Thomas Nelson, com mais de 72.000 refer\u00eancias.<br \/>\n&#8211; Fonte Leitura Perfeita, uma exclusividade Thomas Nelson que promove conforto na leitura.<br \/>\n&#8211; Miolo costurado, que garante abertura total em qualquer ponto da B\u00edblia e maior durabilidade.<\/p>\n","protected":false},"excerpt":{"rendered":"<p>De G\u00eanesis \u00e0 revela\u00e7\u00e3o do Apocalipse, a B\u00edblia \u00e9 um livro que nos conta apenas uma hist\u00f3ria: a do amor&hellip;<\/p>\n","protected":false},"featured_media":343327,"comment_status":"open","ping_status":"closed","template":"","meta":[],"product_cat":[139,166],"product_tag":[],"_links":{"self":[{"href":"https:\/\/www.livrariarema.com.br\/loja\/wp-json\/wp\/v2\/product\/328771"}],"collection":[{"href":"https:\/\/www.livrariarema.com.br\/loja\/wp-json\/wp\/v2\/product"}],"about":[{"href":"https:\/\/www.livrariarema.com.br\/loja\/wp-json\/wp\/v2\/types\/product"}],"replies":[{"embeddable":true,"href":"https:\/\/www.livrariarema.com.br\/loja\/wp-json\/wp\/v2\/comments?post=328771"}],"wp:featuredmedia":[{"embeddable":true,"href":"https:\/\/www.livrariarema.com.br\/loja\/wp-json\/wp\/v2\/media\/343327"}],"wp:attachment":[{"href":"https:\/\/www.livrariarema.com.br\/loja\/wp-json\/wp\/v2\/media?parent=328771"}],"wp:term":[{"taxonomy":"product_cat","embeddable":true,"href":"https:\/\/www.livrariarema.com.br\/loja\/wp-json\/wp\/v2\/product_cat?post=328771"},{"taxonomy":"product_tag","embeddable":true,"href":"https:\/\/www.livrariarema.com.br\/loja\/wp-json\/wp\/v2\/product_tag?post=328771"}],"curies":[{"name":"wp","href":"https:\/\/api.w.org\/{rel}","templated":true}]}}