{"id":328808,"date":"2025-03-23T14:41:39","date_gmt":"2025-03-23T17:41:39","guid":{"rendered":"https:\/\/www.livrariarema.com.br\/loja\/produtos\/sem categoria\/40-dias-pela-biblia-lysa-terkeurst\/"},"modified":"2026-04-10T16:52:51","modified_gmt":"2026-04-10T19:52:51","slug":"40-dias-pela-biblia-lysa-terkeurst","status":"publish","type":"product","link":"https:\/\/www.livrariarema.com.br\/loja\/produtos\/livros\/devocional\/40-dias-pela-biblia-lysa-terkeurst\/","title":{"rendered":"40 Dias Pela B\u00edblia &#8211; Lysa Terkeurst"},"content":{"rendered":"<p>PELO QUE VOC\u00ca VERDADEIRAMENTE ANSEIA?<\/p>\n<p>Lysa TerKeurst, em colabora\u00e7\u00e3o com o Minist\u00e9rio Prov\u00e9rbios 31, convida voc\u00ea a uma jornada transformadora de 40 dias pela B\u00edblia. Neste livro, quest\u00f5es profundas que tocam a vida de toda mulher crist\u00e3 s\u00e3o abordadas com clareza e sensibilidade, como:<br \/>\n&#8211; Qual \u00e9 o meu prop\u00f3sito?<br \/>\n&#8211; O que \u00e9 a verdadeira liberdade?<br \/>\n&#8211; Como experimentar a reden\u00e7\u00e3o completa?<\/p>\n<p>Durante oito semanas, voc\u00ea ser\u00e1 encorajada a confiar no poder transformador das Escrituras. Cada leitura di\u00e1ria oferece uma oportunidade \u00fanica para se conectar mais profundamente com o cora\u00e7\u00e3o de Deus.Ao explorar o plano redentor revelado desde a cria\u00e7\u00e3o at\u00e9 a consuma\u00e7\u00e3o, voc\u00ea encontrar\u00e1 respostas b\u00edblicas para os anseios mais profundos da alma. Fomos criadas para um relacionamento \u00edntimo e duradouro com o Senhor, e enquanto buscamos respostas em fontes externas, a verdadeira paz &#8211; aquela que excede todo entendimento &#8211; s\u00f3 \u00e9 encontrada na sua Palavra.<\/p>\n<p>Este livro \u00e9 um convite para que voc\u00ea se aproxime de Deus, encontre seu prop\u00f3sito e experimente a liberdade e a reden\u00e7\u00e3o que s\u00f3 ele pode oferecer. Permita que a Palavra transforme sua rela\u00e7\u00e3o com o Criador.<\/p>\n","protected":false},"excerpt":{"rendered":"<p>PELO QUE VOC\u00ca VERDADEIRAMENTE ANSEIA? Lysa TerKeurst, em colabora\u00e7\u00e3o com o Minist\u00e9rio Prov\u00e9rbios 31, convida voc\u00ea a uma jornada transformadora&hellip;<\/p>\n","protected":false},"featured_media":339026,"comment_status":"open","ping_status":"closed","template":"","meta":[],"product_cat":[158,134],"product_tag":[],"_links":{"self":[{"href":"https:\/\/www.livrariarema.com.br\/loja\/wp-json\/wp\/v2\/product\/328808"}],"collection":[{"href":"https:\/\/www.livrariarema.com.br\/loja\/wp-json\/wp\/v2\/product"}],"about":[{"href":"https:\/\/www.livrariarema.com.br\/loja\/wp-json\/wp\/v2\/types\/product"}],"replies":[{"embeddable":true,"href":"https:\/\/www.livrariarema.com.br\/loja\/wp-json\/wp\/v2\/comments?post=328808"}],"wp:featuredmedia":[{"embeddable":true,"href":"https:\/\/www.livrariarema.com.br\/loja\/wp-json\/wp\/v2\/media\/339026"}],"wp:attachment":[{"href":"https:\/\/www.livrariarema.com.br\/loja\/wp-json\/wp\/v2\/media?parent=328808"}],"wp:term":[{"taxonomy":"product_cat","embeddable":true,"href":"https:\/\/www.livrariarema.com.br\/loja\/wp-json\/wp\/v2\/product_cat?post=328808"},{"taxonomy":"product_tag","embeddable":true,"href":"https:\/\/www.livrariarema.com.br\/loja\/wp-json\/wp\/v2\/product_tag?post=328808"}],"curies":[{"name":"wp","href":"https:\/\/api.w.org\/{rel}","templated":true}]}}