{"id":328813,"date":"2025-03-23T14:41:59","date_gmt":"2025-03-23T17:41:59","guid":{"rendered":"https:\/\/www.livrariarema.com.br\/loja\/produtos\/sem categoria\/novo-testamento-para-todos-n-t-wright\/"},"modified":"2025-09-30T13:33:14","modified_gmt":"2025-09-30T16:33:14","slug":"novo-testamento-para-todos-n-t-wright","status":"publish","type":"product","link":"https:\/\/www.livrariarema.com.br\/loja\/produtos\/livros\/estudo-biblico\/novo-testamento-para-todos-n-t-wright\/","title":{"rendered":"Novo Testamento Para Todos &#8211; N.T. Wright"},"content":{"rendered":"<p>UMA TRADU\u00c7\u00c3O DAS BOAS-NOVAS PARA TODOS<\/p>\n<p>Se a B\u00edblia n\u00e3o puder ser compreendida por todos, n\u00e3o ser\u00e1 boa not\u00edcia. E de fato, desde os primeiros dias da igreja, no Pentecoste, por a\u00e7\u00e3o do Esp\u00edrito Santo, as boas-novas de Jesus v\u00eam sendo traduzidas para as mais variadas l\u00ednguas do cotidiano das pessoas comuns, espalhando-se rapidamente at\u00e9 os confins da terra. Contudo, muitos leitores modernos do Novo Testamento ficaram t\u00e3o familiarizados com o texto b\u00edblico, que perderam de vista a grandeza e a amplitude de suas ideias inovadoras e de seus ensinamentos transformadores sobre a vida e a miss\u00e3o de Jesus de Nazar\u00e9.<\/p>\n<p>O Novo Testamento para todos \u00e9 uma nova tradu\u00e7\u00e3o empreendida por N. T. Wright, o renomado estudioso b\u00edblico que \u00e9 considerado o maior especialista em Novo Testamento da atualidade. Trata-se de uma vers\u00e3o b\u00edblica atualizada e din\u00e2mica para a pr\u00f3xima gera\u00e7\u00e3o. A linguagem usada procura transmitir o significado do grego original, sendo ao mesmo tempo acess\u00edvel ao leitor moderno e tornando-se um recurso valioso para estudiosos, pastores e leigos.<\/p>\n<p>Esta edi\u00e7\u00e3o inclui:<br \/>\n&#8211; o texto completo do Novo Testamento traduzido por N. T. Wright;<br \/>\n&#8211; introdu\u00e7\u00f5es a todos os livros b\u00edblicos escritas por N. T. Wright;<br \/>\n&#8211; dezenas de mapas inseridos em pontos estrat\u00e9gicos do texto;<br \/>\n&#8211; miolo em duas cores;<br \/>\n&#8211; papel amarelado;<br \/>\n&#8211; gloss\u00e1rio robusto de palavras-chave;<br \/>\n&#8211; texto na fonte exclusiva Leitura Perfeita.<\/p>\n","protected":false},"excerpt":{"rendered":"<p>UMA TRADU\u00c7\u00c3O DAS BOAS-NOVAS PARA TODOS Se a B\u00edblia n\u00e3o puder ser compreendida por todos, n\u00e3o ser\u00e1 boa not\u00edcia. E&hellip;<\/p>\n","protected":false},"featured_media":339027,"comment_status":"open","ping_status":"closed","template":"","meta":[],"product_cat":[161,134],"product_tag":[],"_links":{"self":[{"href":"https:\/\/www.livrariarema.com.br\/loja\/wp-json\/wp\/v2\/product\/328813"}],"collection":[{"href":"https:\/\/www.livrariarema.com.br\/loja\/wp-json\/wp\/v2\/product"}],"about":[{"href":"https:\/\/www.livrariarema.com.br\/loja\/wp-json\/wp\/v2\/types\/product"}],"replies":[{"embeddable":true,"href":"https:\/\/www.livrariarema.com.br\/loja\/wp-json\/wp\/v2\/comments?post=328813"}],"wp:featuredmedia":[{"embeddable":true,"href":"https:\/\/www.livrariarema.com.br\/loja\/wp-json\/wp\/v2\/media\/339027"}],"wp:attachment":[{"href":"https:\/\/www.livrariarema.com.br\/loja\/wp-json\/wp\/v2\/media?parent=328813"}],"wp:term":[{"taxonomy":"product_cat","embeddable":true,"href":"https:\/\/www.livrariarema.com.br\/loja\/wp-json\/wp\/v2\/product_cat?post=328813"},{"taxonomy":"product_tag","embeddable":true,"href":"https:\/\/www.livrariarema.com.br\/loja\/wp-json\/wp\/v2\/product_tag?post=328813"}],"curies":[{"name":"wp","href":"https:\/\/api.w.org\/{rel}","templated":true}]}}