{"id":328949,"date":"2025-03-27T09:30:10","date_gmt":"2025-03-27T12:30:10","guid":{"rendered":"https:\/\/www.livrariarema.com.br\/loja\/produtos\/sem categoria\/caneca-de-porcelana-urban-300ml-vovo-amo-voce\/"},"modified":"2026-04-28T09:35:37","modified_gmt":"2026-04-28T12:35:37","slug":"caneca-de-porcelana-urban-300ml-vovo-amo-voce","status":"publish","type":"product","link":"https:\/\/www.livrariarema.com.br\/loja\/produtos\/diversos\/caneca\/caneca-de-porcelana-urban-300ml-vovo-amo-voce\/","title":{"rendered":"Caneca De Porcelana &#8211; Urban 300Ml &#8211; Vov\u00f3 Amo Voc\u00ea"},"content":{"rendered":"<p>As Canecas Porcelana Urban, as queridinhas de muitos, est\u00e3o de volta com um novo design! Al\u00e9m da qualidade impec\u00e1vel, as novas estampas trazem modernidade e eleg\u00e2ncia, ideais para quem valoriza estilo no dia a dia. Seja para aquele caf\u00e9 da manh\u00e3 especial ou um ch\u00e1 relaxante \u00e0 tarde, essas canecas s\u00e3o a escolha perfeita para quem busca praticidade sem abrir m\u00e3o do bom gosto.<\/p>\n<p>Essa caneca \u00e9 mais que um simples utens\u00edlio, \u00e9 o toque de carinho que faz toda a diferen\u00e7a nos momentos de pausa. Com ela, cada gole ser\u00e1 apreciado com muito amor e sabor. \u00c9 o presente perfeito para aquela pessoa especial ou para voc\u00ea mesmo, trazendo estilo e conforto em uma s\u00f3 pe\u00e7a.<\/p>\n<p>A Caneca Urban \u00e9 feita de porcelana de alta qualidade, garantindo durabilidade e resist\u00eancia no uso di\u00e1rio. Vers\u00e1til, ela tamb\u00e9m pode ser usada como porta-treco ou porta-l\u00e1pis, al\u00e9m de ser uma excelente op\u00e7\u00e3o de presente.<\/p>\n","protected":false},"excerpt":{"rendered":"<p>As Canecas Porcelana Urban, as queridinhas de muitos, est\u00e3o de volta com um novo design! Al\u00e9m da qualidade impec\u00e1vel, as&hellip;<\/p>\n","protected":false},"featured_media":347370,"comment_status":"open","ping_status":"closed","template":"","meta":[],"product_cat":[235,132],"product_tag":[],"_links":{"self":[{"href":"https:\/\/www.livrariarema.com.br\/loja\/wp-json\/wp\/v2\/product\/328949"}],"collection":[{"href":"https:\/\/www.livrariarema.com.br\/loja\/wp-json\/wp\/v2\/product"}],"about":[{"href":"https:\/\/www.livrariarema.com.br\/loja\/wp-json\/wp\/v2\/types\/product"}],"replies":[{"embeddable":true,"href":"https:\/\/www.livrariarema.com.br\/loja\/wp-json\/wp\/v2\/comments?post=328949"}],"wp:featuredmedia":[{"embeddable":true,"href":"https:\/\/www.livrariarema.com.br\/loja\/wp-json\/wp\/v2\/media\/347370"}],"wp:attachment":[{"href":"https:\/\/www.livrariarema.com.br\/loja\/wp-json\/wp\/v2\/media?parent=328949"}],"wp:term":[{"taxonomy":"product_cat","embeddable":true,"href":"https:\/\/www.livrariarema.com.br\/loja\/wp-json\/wp\/v2\/product_cat?post=328949"},{"taxonomy":"product_tag","embeddable":true,"href":"https:\/\/www.livrariarema.com.br\/loja\/wp-json\/wp\/v2\/product_tag?post=328949"}],"curies":[{"name":"wp","href":"https:\/\/api.w.org\/{rel}","templated":true}]}}