{"id":329182,"date":"2025-04-07T11:21:30","date_gmt":"2025-04-07T14:21:30","guid":{"rendered":"https:\/\/www.livrariarema.com.br\/loja\/produtos\/sem categoria\/le-pra-mim-daniel-na-cova-dos-leoes-e-outras-historias-xx\/"},"modified":"2026-03-24T12:11:23","modified_gmt":"2026-03-24T15:11:23","slug":"le-pra-mim-daniel-na-cova-dos-leoes-e-outras-historias-xx","status":"publish","type":"product","link":"https:\/\/www.livrariarema.com.br\/loja\/produtos\/livros\/infantil\/le-pra-mim-daniel-na-cova-dos-leoes-e-outras-historias-xx\/","title":{"rendered":"L\u00ea Pra Mim &#8211; Daniel Na Cova Dos Le\u00f5es E Outras Hist\u00f3rias Xx"},"content":{"rendered":"<p>Conhe\u00e7a, neste livro, a hist\u00f3ria de Daniel na cova dos le\u00f5es e outras do Antigo Testamento.<\/p>\n","protected":false},"excerpt":{"rendered":"<p>Conhe\u00e7a, neste livro, a hist\u00f3ria de Daniel na cova dos le\u00f5es e outras do Antigo Testamento.<\/p>\n","protected":false},"featured_media":0,"comment_status":"open","ping_status":"closed","template":"","meta":[],"product_cat":[144,134],"product_tag":[],"_links":{"self":[{"href":"https:\/\/www.livrariarema.com.br\/loja\/wp-json\/wp\/v2\/product\/329182"}],"collection":[{"href":"https:\/\/www.livrariarema.com.br\/loja\/wp-json\/wp\/v2\/product"}],"about":[{"href":"https:\/\/www.livrariarema.com.br\/loja\/wp-json\/wp\/v2\/types\/product"}],"replies":[{"embeddable":true,"href":"https:\/\/www.livrariarema.com.br\/loja\/wp-json\/wp\/v2\/comments?post=329182"}],"wp:attachment":[{"href":"https:\/\/www.livrariarema.com.br\/loja\/wp-json\/wp\/v2\/media?parent=329182"}],"wp:term":[{"taxonomy":"product_cat","embeddable":true,"href":"https:\/\/www.livrariarema.com.br\/loja\/wp-json\/wp\/v2\/product_cat?post=329182"},{"taxonomy":"product_tag","embeddable":true,"href":"https:\/\/www.livrariarema.com.br\/loja\/wp-json\/wp\/v2\/product_tag?post=329182"}],"curies":[{"name":"wp","href":"https:\/\/api.w.org\/{rel}","templated":true}]}}