{"id":329198,"date":"2025-04-07T13:12:01","date_gmt":"2025-04-07T16:12:01","guid":{"rendered":"https:\/\/www.livrariarema.com.br\/loja\/produtos\/sem categoria\/livro-de-banho-hora-divertida-animais-de-estimacao\/"},"modified":"2026-04-01T15:51:58","modified_gmt":"2026-04-01T18:51:58","slug":"livro-de-banho-hora-divertida-animais-de-estimacao","status":"publish","type":"product","link":"https:\/\/www.livrariarema.com.br\/loja\/produtos\/livros\/infantil\/livro-de-banho-hora-divertida-animais-de-estimacao\/","title":{"rendered":"Livro De Banho &#8211; Hora Divertida &#8211; Animais De Estima\u00e7\u00e3o"},"content":{"rendered":"<p>Conhe\u00e7a alguns animais de estima\u00e7\u00e3o e divirta-se com os brinquedos na hora do banho. Splash!<\/p>\n","protected":false},"excerpt":{"rendered":"<p>Conhe\u00e7a alguns animais de estima\u00e7\u00e3o e divirta-se com os brinquedos na hora do banho. Splash!<\/p>\n","protected":false},"featured_media":329308,"comment_status":"open","ping_status":"closed","template":"","meta":[],"product_cat":[144,134],"product_tag":[],"_links":{"self":[{"href":"https:\/\/www.livrariarema.com.br\/loja\/wp-json\/wp\/v2\/product\/329198"}],"collection":[{"href":"https:\/\/www.livrariarema.com.br\/loja\/wp-json\/wp\/v2\/product"}],"about":[{"href":"https:\/\/www.livrariarema.com.br\/loja\/wp-json\/wp\/v2\/types\/product"}],"replies":[{"embeddable":true,"href":"https:\/\/www.livrariarema.com.br\/loja\/wp-json\/wp\/v2\/comments?post=329198"}],"wp:featuredmedia":[{"embeddable":true,"href":"https:\/\/www.livrariarema.com.br\/loja\/wp-json\/wp\/v2\/media\/329308"}],"wp:attachment":[{"href":"https:\/\/www.livrariarema.com.br\/loja\/wp-json\/wp\/v2\/media?parent=329198"}],"wp:term":[{"taxonomy":"product_cat","embeddable":true,"href":"https:\/\/www.livrariarema.com.br\/loja\/wp-json\/wp\/v2\/product_cat?post=329198"},{"taxonomy":"product_tag","embeddable":true,"href":"https:\/\/www.livrariarema.com.br\/loja\/wp-json\/wp\/v2\/product_tag?post=329198"}],"curies":[{"name":"wp","href":"https:\/\/api.w.org\/{rel}","templated":true}]}}