{"id":329215,"date":"2025-04-07T13:12:49","date_gmt":"2025-04-07T16:12:49","guid":{"rendered":"https:\/\/www.livrariarema.com.br\/loja\/produtos\/sem categoria\/biblia-em-quadrinhos-michael-pearl\/"},"modified":"2026-04-02T14:41:12","modified_gmt":"2026-04-02T17:41:12","slug":"biblia-em-quadrinhos-michael-pearl","status":"publish","type":"product","link":"https:\/\/www.livrariarema.com.br\/loja\/produtos\/livros\/manga-hq\/biblia-em-quadrinhos-michael-pearl\/","title":{"rendered":"B\u00edblia Em Quadrinhos &#8211; Michael Pearl"},"content":{"rendered":"<p>A hist\u00f3ria da luta desesperada entre as for\u00e7as do Bem e do Mal, tanto internas quanto externas. <br \/>\nQual \u00e9 o nosso prop\u00f3sito nesta Terra? <br \/>\nComo podemos entender isso? Como tudo come\u00e7ou e quando tudo terminar\u00e1? <br \/>\nUm livro antigo come\u00e7a com as palavras: No princ\u00edpio&#8230; e termina com uma b\u00ean\u00e7\u00e3o de gra\u00e7a para todos. Esse livro \u00e9 a B\u00edblia Sagrada, inspirada por nosso Criador. Ela cont\u00e9m tudo o que diz respeito \u00e0 vida e \u00e0 santidade divina. Entretanto, como foi escrito por pessoas de uma cultura bem diferente da nossa, muitos acham esse livro antigo dif\u00edcil de entender. Este livro foi feito para esses. Um pastor de uma pequena congrega\u00e7\u00e3o na \u00c1frica Central disse: Tenho ensinado a B\u00edblia h\u00e1 40 anos, mas n\u00e3o tinha uma ideia geral at\u00e9 ler essa HQ. <br \/>\nVoc\u00ea conhecer\u00e1 pessoas como:Ad\u00e3o e Eva, cujos momentos de fraqueza abriram a porta para uma trag\u00e9dia hist\u00f3rica, mas tamb\u00e9m para a promessa de que um dia essa trag\u00e9dia ter\u00e1 fim.Abra\u00e3o, que se tornou um dos primeiros modelos de f\u00e9 e esperan\u00e7a.Mois\u00e9s, que libertou seu povo da escravid\u00e3o, revelando nossa necessidade da ajuda divina.<br \/>\nAcabe e Jezabel, cujos reinados sanguin\u00e1rios como rei e rainha demonstram que at\u00e9 as pessoas poderosas sofrem consequ\u00eancias de seus atos.Am\u00f3s, Oseias e Miqueias, que mostraram, com suas profecias impressionantes, que o bem vencer\u00e1.Jesus Cristo, o \u00fanico ser humano perfeito, cuja vida e morte revelam nosso prop\u00f3sito final.<\/p>\n","protected":false},"excerpt":{"rendered":"<p>A hist\u00f3ria da luta desesperada entre as for\u00e7as do Bem e do Mal, tanto internas quanto externas. Qual \u00e9 o&hellip;<\/p>\n","protected":false},"featured_media":346507,"comment_status":"open","ping_status":"closed","template":"","meta":[],"product_cat":[134,189],"product_tag":[],"_links":{"self":[{"href":"https:\/\/www.livrariarema.com.br\/loja\/wp-json\/wp\/v2\/product\/329215"}],"collection":[{"href":"https:\/\/www.livrariarema.com.br\/loja\/wp-json\/wp\/v2\/product"}],"about":[{"href":"https:\/\/www.livrariarema.com.br\/loja\/wp-json\/wp\/v2\/types\/product"}],"replies":[{"embeddable":true,"href":"https:\/\/www.livrariarema.com.br\/loja\/wp-json\/wp\/v2\/comments?post=329215"}],"wp:featuredmedia":[{"embeddable":true,"href":"https:\/\/www.livrariarema.com.br\/loja\/wp-json\/wp\/v2\/media\/346507"}],"wp:attachment":[{"href":"https:\/\/www.livrariarema.com.br\/loja\/wp-json\/wp\/v2\/media?parent=329215"}],"wp:term":[{"taxonomy":"product_cat","embeddable":true,"href":"https:\/\/www.livrariarema.com.br\/loja\/wp-json\/wp\/v2\/product_cat?post=329215"},{"taxonomy":"product_tag","embeddable":true,"href":"https:\/\/www.livrariarema.com.br\/loja\/wp-json\/wp\/v2\/product_tag?post=329215"}],"curies":[{"name":"wp","href":"https:\/\/api.w.org\/{rel}","templated":true}]}}