{"id":329217,"date":"2025-04-07T13:12:56","date_gmt":"2025-04-07T16:12:56","guid":{"rendered":"https:\/\/www.livrariarema.com.br\/loja\/produtos\/sem categoria\/almofadado-medio-jesus-e-eu\/"},"modified":"2026-04-18T11:50:51","modified_gmt":"2026-04-18T14:50:51","slug":"almofadado-medio-jesus-e-eu","status":"publish","type":"product","link":"https:\/\/www.livrariarema.com.br\/loja\/produtos\/livros\/infantil\/almofadado-medio-jesus-e-eu\/","title":{"rendered":"Almofadado M\u00e9dio &#8211; Jesus E Eu"},"content":{"rendered":"<p>Converse com os pequeninos sobre Deus com este livro de ora\u00e7\u00f5es que traz vinte temas importantes, como orar, compartilhar, ajudar e perdoar, al\u00e9m de abordar sentimentos como preocupa\u00e7\u00e3o, medo, anima\u00e7\u00e3o e outros. Um livro com perguntas simples, ora\u00e7\u00f5es doces e sugest\u00f5es de trechos da B\u00edblia, ideal para ser lido em fam\u00edlia.<\/p>\n","protected":false},"excerpt":{"rendered":"<p>Converse com os pequeninos sobre Deus com este livro de ora\u00e7\u00f5es que traz vinte temas importantes, como orar, compartilhar, ajudar&hellip;<\/p>\n","protected":false},"featured_media":346508,"comment_status":"open","ping_status":"closed","template":"","meta":[],"product_cat":[144,134],"product_tag":[],"_links":{"self":[{"href":"https:\/\/www.livrariarema.com.br\/loja\/wp-json\/wp\/v2\/product\/329217"}],"collection":[{"href":"https:\/\/www.livrariarema.com.br\/loja\/wp-json\/wp\/v2\/product"}],"about":[{"href":"https:\/\/www.livrariarema.com.br\/loja\/wp-json\/wp\/v2\/types\/product"}],"replies":[{"embeddable":true,"href":"https:\/\/www.livrariarema.com.br\/loja\/wp-json\/wp\/v2\/comments?post=329217"}],"wp:featuredmedia":[{"embeddable":true,"href":"https:\/\/www.livrariarema.com.br\/loja\/wp-json\/wp\/v2\/media\/346508"}],"wp:attachment":[{"href":"https:\/\/www.livrariarema.com.br\/loja\/wp-json\/wp\/v2\/media?parent=329217"}],"wp:term":[{"taxonomy":"product_cat","embeddable":true,"href":"https:\/\/www.livrariarema.com.br\/loja\/wp-json\/wp\/v2\/product_cat?post=329217"},{"taxonomy":"product_tag","embeddable":true,"href":"https:\/\/www.livrariarema.com.br\/loja\/wp-json\/wp\/v2\/product_tag?post=329217"}],"curies":[{"name":"wp","href":"https:\/\/api.w.org\/{rel}","templated":true}]}}