{"id":329219,"date":"2025-04-07T13:13:01","date_gmt":"2025-04-07T16:13:01","guid":{"rendered":"https:\/\/www.livrariarema.com.br\/loja\/produtos\/sem categoria\/100-historias-da-biblia\/"},"modified":"2026-03-24T11:04:45","modified_gmt":"2026-03-24T14:04:45","slug":"100-historias-da-biblia","status":"publish","type":"product","link":"https:\/\/www.livrariarema.com.br\/loja\/produtos\/livros\/infantil\/100-historias-da-biblia\/","title":{"rendered":"100 Hist\u00f3rias Da B\u00edblia"},"content":{"rendered":"<p>Este livro traz 100 hist\u00f3rias da b\u00edblia sobre a bondade e o amor de Deus. Com esta leitura, as crian\u00e7as aprender\u00e3o a valorizar a gentileza e a torn\u00e1-la parte de suas vidas.<\/p>\n","protected":false},"excerpt":{"rendered":"<p>Este livro traz 100 hist\u00f3rias da b\u00edblia sobre a bondade e o amor de Deus. Com esta leitura, as crian\u00e7as&hellip;<\/p>\n","protected":false},"featured_media":346510,"comment_status":"open","ping_status":"closed","template":"","meta":[],"product_cat":[144,134],"product_tag":[],"_links":{"self":[{"href":"https:\/\/www.livrariarema.com.br\/loja\/wp-json\/wp\/v2\/product\/329219"}],"collection":[{"href":"https:\/\/www.livrariarema.com.br\/loja\/wp-json\/wp\/v2\/product"}],"about":[{"href":"https:\/\/www.livrariarema.com.br\/loja\/wp-json\/wp\/v2\/types\/product"}],"replies":[{"embeddable":true,"href":"https:\/\/www.livrariarema.com.br\/loja\/wp-json\/wp\/v2\/comments?post=329219"}],"wp:featuredmedia":[{"embeddable":true,"href":"https:\/\/www.livrariarema.com.br\/loja\/wp-json\/wp\/v2\/media\/346510"}],"wp:attachment":[{"href":"https:\/\/www.livrariarema.com.br\/loja\/wp-json\/wp\/v2\/media?parent=329219"}],"wp:term":[{"taxonomy":"product_cat","embeddable":true,"href":"https:\/\/www.livrariarema.com.br\/loja\/wp-json\/wp\/v2\/product_cat?post=329219"},{"taxonomy":"product_tag","embeddable":true,"href":"https:\/\/www.livrariarema.com.br\/loja\/wp-json\/wp\/v2\/product_tag?post=329219"}],"curies":[{"name":"wp","href":"https:\/\/api.w.org\/{rel}","templated":true}]}}