{"id":329255,"date":"2025-04-07T13:15:48","date_gmt":"2025-04-07T16:15:48","guid":{"rendered":"https:\/\/www.livrariarema.com.br\/loja\/produtos\/sem categoria\/almofadado-grande-minhas-primeiras-historias-biblicas\/"},"modified":"2026-02-02T17:30:17","modified_gmt":"2026-02-02T20:30:17","slug":"almofadado-grande-minhas-primeiras-historias-biblicas","status":"publish","type":"product","link":"https:\/\/www.livrariarema.com.br\/loja\/produtos\/livros\/infantil\/almofadado-grande-minhas-primeiras-historias-biblicas\/","title":{"rendered":"Almofadado Grande &#8211; Minhas Primeiras Hist\u00f3rias B\u00edblicas"},"content":{"rendered":"<p>Todas as hist\u00f3rias tradicionais da B\u00edblia s\u00e3o reproduzidas aqui, nesta cole\u00e7\u00e3o de mais de 40 contos. Com belas ilustra\u00e7\u00f5es, O novo e o Velho testamento s\u00e3o retratados com aventuras, emo\u00e7\u00e3o e o significa que os tornaram cl\u00e1ssicos. Uma perfeita introdu\u00e7\u00e3o para a B\u00edblia.<\/p>\n","protected":false},"excerpt":{"rendered":"<p>Todas as hist\u00f3rias tradicionais da B\u00edblia s\u00e3o reproduzidas aqui, nesta cole\u00e7\u00e3o de mais de 40 contos. Com belas ilustra\u00e7\u00f5es, O&hellip;<\/p>\n","protected":false},"featured_media":0,"comment_status":"open","ping_status":"closed","template":"","meta":[],"product_cat":[144,134],"product_tag":[],"_links":{"self":[{"href":"https:\/\/www.livrariarema.com.br\/loja\/wp-json\/wp\/v2\/product\/329255"}],"collection":[{"href":"https:\/\/www.livrariarema.com.br\/loja\/wp-json\/wp\/v2\/product"}],"about":[{"href":"https:\/\/www.livrariarema.com.br\/loja\/wp-json\/wp\/v2\/types\/product"}],"replies":[{"embeddable":true,"href":"https:\/\/www.livrariarema.com.br\/loja\/wp-json\/wp\/v2\/comments?post=329255"}],"wp:attachment":[{"href":"https:\/\/www.livrariarema.com.br\/loja\/wp-json\/wp\/v2\/media?parent=329255"}],"wp:term":[{"taxonomy":"product_cat","embeddable":true,"href":"https:\/\/www.livrariarema.com.br\/loja\/wp-json\/wp\/v2\/product_cat?post=329255"},{"taxonomy":"product_tag","embeddable":true,"href":"https:\/\/www.livrariarema.com.br\/loja\/wp-json\/wp\/v2\/product_tag?post=329255"}],"curies":[{"name":"wp","href":"https:\/\/api.w.org\/{rel}","templated":true}]}}