{"id":329397,"date":"2025-04-11T09:00:41","date_gmt":"2025-04-11T12:00:41","guid":{"rendered":"https:\/\/www.livrariarema.com.br\/loja\/produtos\/sem categoria\/jogo-grow-master-junior-express-mundo-animal\/"},"modified":"2025-07-17T16:30:47","modified_gmt":"2025-07-17T19:30:47","slug":"jogo-grow-master-junior-express-mundo-animal","status":"publish","type":"product","link":"https:\/\/www.livrariarema.com.br\/loja\/produtos\/brinquedos\/jogos-para-familia\/jogo-grow-master-junior-express-mundo-animal\/","title":{"rendered":"Jogo &#8211; Grow &#8211; Master Junior Express &#8211; Mundo Animal"},"content":{"rendered":"<p>Master Junior Express Mundo Animal traz uma nova forma de se divertir com esse cl\u00e1ssico da GROW!<\/p>\n<p>S\u00e3o 100 cartas com 500 perguntas de m\u00faltipla escolha e diferentes n\u00edveis de dificuldade, para que os participantes possam mostrar todo seu conhecimento sobre o mundo animal e ao mesmo tempo conhecer divertidas curiosidades do tema.<\/p>\n<p>Acerte as perguntas f\u00e1ceis para ganhar o direito de responder outras de maior dificuldade, at\u00e9 chegar ao n\u00edvel Desafio. Aquele que acertar primeiro uma pergunta Desafio ser\u00e1 o vencedor!<\/p>\n<p>Junte seus amigos para competir e se aprofundar no incr\u00edvel mundo dos Animais!<br \/><\/p>\n","protected":false},"excerpt":{"rendered":"<p>Master Junior Express Mundo Animal traz uma nova forma de se divertir com esse cl\u00e1ssico da GROW! S\u00e3o 100 cartas&hellip;<\/p>\n","protected":false},"featured_media":329594,"comment_status":"open","ping_status":"closed","template":"","meta":[],"product_cat":[315,316],"product_tag":[],"_links":{"self":[{"href":"https:\/\/www.livrariarema.com.br\/loja\/wp-json\/wp\/v2\/product\/329397"}],"collection":[{"href":"https:\/\/www.livrariarema.com.br\/loja\/wp-json\/wp\/v2\/product"}],"about":[{"href":"https:\/\/www.livrariarema.com.br\/loja\/wp-json\/wp\/v2\/types\/product"}],"replies":[{"embeddable":true,"href":"https:\/\/www.livrariarema.com.br\/loja\/wp-json\/wp\/v2\/comments?post=329397"}],"wp:featuredmedia":[{"embeddable":true,"href":"https:\/\/www.livrariarema.com.br\/loja\/wp-json\/wp\/v2\/media\/329594"}],"wp:attachment":[{"href":"https:\/\/www.livrariarema.com.br\/loja\/wp-json\/wp\/v2\/media?parent=329397"}],"wp:term":[{"taxonomy":"product_cat","embeddable":true,"href":"https:\/\/www.livrariarema.com.br\/loja\/wp-json\/wp\/v2\/product_cat?post=329397"},{"taxonomy":"product_tag","embeddable":true,"href":"https:\/\/www.livrariarema.com.br\/loja\/wp-json\/wp\/v2\/product_tag?post=329397"}],"curies":[{"name":"wp","href":"https:\/\/api.w.org\/{rel}","templated":true}]}}