{"id":329401,"date":"2025-04-11T09:04:57","date_gmt":"2025-04-11T12:04:57","guid":{"rendered":"https:\/\/www.livrariarema.com.br\/loja\/produtos\/sem categoria\/jogo-de-cartas-grow-super-trunfo-dinossauros\/"},"modified":"2025-11-01T12:01:18","modified_gmt":"2025-11-01T15:01:18","slug":"jogo-de-cartas-grow-super-trunfo-dinossauros","status":"publish","type":"product","link":"https:\/\/www.livrariarema.com.br\/loja\/produtos\/brinquedos\/jogos-de-cartas\/jogo-de-cartas-grow-super-trunfo-dinossauros\/","title":{"rendered":"Jogo De Cartas &#8211; Grow &#8211; Super Trunfo &#8211; Dinossauros"},"content":{"rendered":"<p>Super Trunfo Dinossauros traz 32 cartas com ilustra\u00e7\u00f5es e informa\u00e7\u00f5es sobre os maiores seres vivos que j\u00e1 habitaram a Terra. <br \/>\nEm qual item o dinossauro da sua carta \u00e9 o melhor? <br \/>\nSer\u00e1 em altura? Em peso? Ou voc\u00ea tem o Super Trunfo? <br \/>\nEscolha, compare e ven\u00e7a esta emocionante disputa!<\/p>\n","protected":false},"excerpt":{"rendered":"<p>Super Trunfo Dinossauros traz 32 cartas com ilustra\u00e7\u00f5es e informa\u00e7\u00f5es sobre os maiores seres vivos que j\u00e1 habitaram a Terra.&hellip;<\/p>\n","protected":false},"featured_media":329574,"comment_status":"open","ping_status":"closed","template":"","meta":[],"product_cat":[315,317],"product_tag":[],"_links":{"self":[{"href":"https:\/\/www.livrariarema.com.br\/loja\/wp-json\/wp\/v2\/product\/329401"}],"collection":[{"href":"https:\/\/www.livrariarema.com.br\/loja\/wp-json\/wp\/v2\/product"}],"about":[{"href":"https:\/\/www.livrariarema.com.br\/loja\/wp-json\/wp\/v2\/types\/product"}],"replies":[{"embeddable":true,"href":"https:\/\/www.livrariarema.com.br\/loja\/wp-json\/wp\/v2\/comments?post=329401"}],"wp:featuredmedia":[{"embeddable":true,"href":"https:\/\/www.livrariarema.com.br\/loja\/wp-json\/wp\/v2\/media\/329574"}],"wp:attachment":[{"href":"https:\/\/www.livrariarema.com.br\/loja\/wp-json\/wp\/v2\/media?parent=329401"}],"wp:term":[{"taxonomy":"product_cat","embeddable":true,"href":"https:\/\/www.livrariarema.com.br\/loja\/wp-json\/wp\/v2\/product_cat?post=329401"},{"taxonomy":"product_tag","embeddable":true,"href":"https:\/\/www.livrariarema.com.br\/loja\/wp-json\/wp\/v2\/product_tag?post=329401"}],"curies":[{"name":"wp","href":"https:\/\/api.w.org\/{rel}","templated":true}]}}